{"id":1000,"date":"2021-09-08T22:10:50","date_gmt":"2021-09-08T22:10:50","guid":{"rendered":"http:\/\/www.zlatesperkyrb.cz.uvirt111.active24.cz\/?post_type=product&#038;p=1000"},"modified":"2021-09-15T11:49:30","modified_gmt":"2021-09-15T11:49:30","slug":"prsten-19","status":"publish","type":"product","link":"https:\/\/zlatesperky-rb.cz\/?product=prsten-19","title":{"rendered":"Prsten diamantov\u00e9 srd\u00ed\u010dko"},"content":{"rendered":"<p>Prst\u00fdnek\u00a0 diamantov\u00fd\u00a0 ru\u010dn\u00ed v\u00fdroba ,ru\u010dn\u011b fasovan\u00e9 diamanty ,<\/p>\n<p>Prsten L\u00e1ska&#8230;<\/p>\n","protected":false},"excerpt":{"rendered":"<ul>\n<li>v\u00e1ha prstenu 1,8 g<\/li>\n<li>velikost prstenu 58<\/li>\n<li>velikost diamantu 0,18ct<\/li>\n<li>kvalita diamantu Si1 G<\/li>\n<li>po\u010det diamantu 18 ks<\/li>\n<li>velikost srd\u00ed\u010dka 14 mm<\/li>\n<\/ul>\n","protected":false},"featured_media":993,"template":"","meta":[],"product_cat":[20,27],"product_tag":[],"_links":{"self":[{"href":"https:\/\/zlatesperky-rb.cz\/index.php?rest_route=\/wp\/v2\/product\/1000"}],"collection":[{"href":"https:\/\/zlatesperky-rb.cz\/index.php?rest_route=\/wp\/v2\/product"}],"about":[{"href":"https:\/\/zlatesperky-rb.cz\/index.php?rest_route=\/wp\/v2\/types\/product"}],"wp:featuredmedia":[{"embeddable":true,"href":"https:\/\/zlatesperky-rb.cz\/index.php?rest_route=\/wp\/v2\/media\/993"}],"wp:attachment":[{"href":"https:\/\/zlatesperky-rb.cz\/index.php?rest_route=%2Fwp%2Fv2%2Fmedia&parent=1000"}],"wp:term":[{"taxonomy":"product_cat","embeddable":true,"href":"https:\/\/zlatesperky-rb.cz\/index.php?rest_route=%2Fwp%2Fv2%2Fproduct_cat&post=1000"},{"taxonomy":"product_tag","embeddable":true,"href":"https:\/\/zlatesperky-rb.cz\/index.php?rest_route=%2Fwp%2Fv2%2Fproduct_tag&post=1000"}],"curies":[{"name":"wp","href":"https:\/\/api.w.org\/{rel}","templated":true}]}}