{"id":1016,"date":"2021-09-08T22:35:26","date_gmt":"2021-09-08T22:35:26","guid":{"rendered":"http:\/\/www.zlatesperkyrb.cz.uvirt111.active24.cz\/?post_type=product&#038;p=1016"},"modified":"2021-09-28T11:29:28","modified_gmt":"2021-09-28T11:29:28","slug":"prsten-23","status":"publish","type":"product","link":"https:\/\/zlatesperky-rb.cz\/?product=prsten-23","title":{"rendered":"Prsten mo\u0159sk\u00fd kor\u00e1l prav\u00fd"},"content":{"rendered":"<p>Prsten kor\u00e1lov\u00fd\u00a0 ru\u010dn\u00ed v\u00fdroba jeden kus origin\u00e1l.<\/p>\n<p>Prsten je vyroben se zaj\u00edmav\u011b propletenou obrou\u010dkou, kter\u00e1 m\u00e1 rostlinn\u00fd motiv.<\/p>\n<p>Kor\u00e1lov\u00fd prsten m\u00e1 p\u0159\u00edjemnou lososovou barvu, a na prstu i p\u0159es svoj\u00ed velikost vypad\u00e1 velmi elegantn\u011b.<\/p>\n","protected":false},"excerpt":{"rendered":"<ul>\n<li>prsten mo\u0159sk\u00fd\u00a0 kor\u00e1l p\u0159\u00edrodn\u00ed<\/li>\n<li>14 kr<\/li>\n<li>velikost prstenu 53<\/li>\n<li>v\u00e1ha prstenu 6,7 g<\/li>\n<li>velikost kor\u00e1lu 28&#215;12 mm<\/li>\n<\/ul>\n","protected":false},"featured_media":971,"template":"","meta":[],"product_cat":[20,27],"product_tag":[],"_links":{"self":[{"href":"https:\/\/zlatesperky-rb.cz\/index.php?rest_route=\/wp\/v2\/product\/1016"}],"collection":[{"href":"https:\/\/zlatesperky-rb.cz\/index.php?rest_route=\/wp\/v2\/product"}],"about":[{"href":"https:\/\/zlatesperky-rb.cz\/index.php?rest_route=\/wp\/v2\/types\/product"}],"wp:featuredmedia":[{"embeddable":true,"href":"https:\/\/zlatesperky-rb.cz\/index.php?rest_route=\/wp\/v2\/media\/971"}],"wp:attachment":[{"href":"https:\/\/zlatesperky-rb.cz\/index.php?rest_route=%2Fwp%2Fv2%2Fmedia&parent=1016"}],"wp:term":[{"taxonomy":"product_cat","embeddable":true,"href":"https:\/\/zlatesperky-rb.cz\/index.php?rest_route=%2Fwp%2Fv2%2Fproduct_cat&post=1016"},{"taxonomy":"product_tag","embeddable":true,"href":"https:\/\/zlatesperky-rb.cz\/index.php?rest_route=%2Fwp%2Fv2%2Fproduct_tag&post=1016"}],"curies":[{"name":"wp","href":"https:\/\/api.w.org\/{rel}","templated":true}]}}