{"id":1018,"date":"2021-09-08T22:41:57","date_gmt":"2021-09-08T22:41:57","guid":{"rendered":"http:\/\/www.zlatesperkyrb.cz.uvirt111.active24.cz\/?post_type=product&#038;p=1018"},"modified":"2021-09-15T20:29:21","modified_gmt":"2021-09-15T20:29:21","slug":"prsten-24","status":"publish","type":"product","link":"https:\/\/zlatesperky-rb.cz\/?product=prsten-24","title":{"rendered":"Prsten"},"content":{"rendered":"<ul>\n<li>Ru\u010dn\u00ed v\u00fdroba prstenu v b\u00edl\u00e9m zlat\u011b ,lze vyrobit v jin\u00e9 barv\u011b zlata \u017elut\u00e9m\u00a0 \u010di r\u016f\u017eov\u00e9m a i\u00a0 s jin\u00fdmi kameny.<\/li>\n<\/ul>\n","protected":false},"excerpt":{"rendered":"<ul>\n<li>v\u00e1ha prstenu 2 g<\/li>\n<li>velikost prstenu 55<\/li>\n<li>prsten m\u00e1 5 b\u00edl\u00fdch zirkon\u016f velikosti 3 mm<\/li>\n<\/ul>\n","protected":false},"featured_media":1004,"template":"","meta":[],"product_cat":[20,27],"product_tag":[],"_links":{"self":[{"href":"https:\/\/zlatesperky-rb.cz\/index.php?rest_route=\/wp\/v2\/product\/1018"}],"collection":[{"href":"https:\/\/zlatesperky-rb.cz\/index.php?rest_route=\/wp\/v2\/product"}],"about":[{"href":"https:\/\/zlatesperky-rb.cz\/index.php?rest_route=\/wp\/v2\/types\/product"}],"wp:featuredmedia":[{"embeddable":true,"href":"https:\/\/zlatesperky-rb.cz\/index.php?rest_route=\/wp\/v2\/media\/1004"}],"wp:attachment":[{"href":"https:\/\/zlatesperky-rb.cz\/index.php?rest_route=%2Fwp%2Fv2%2Fmedia&parent=1018"}],"wp:term":[{"taxonomy":"product_cat","embeddable":true,"href":"https:\/\/zlatesperky-rb.cz\/index.php?rest_route=%2Fwp%2Fv2%2Fproduct_cat&post=1018"},{"taxonomy":"product_tag","embeddable":true,"href":"https:\/\/zlatesperky-rb.cz\/index.php?rest_route=%2Fwp%2Fv2%2Fproduct_tag&post=1018"}],"curies":[{"name":"wp","href":"https:\/\/api.w.org\/{rel}","templated":true}]}}