{"id":1019,"date":"2021-09-08T22:45:22","date_gmt":"2021-09-08T22:45:22","guid":{"rendered":"http:\/\/www.zlatesperkyrb.cz.uvirt111.active24.cz\/?post_type=product&#038;p=1019"},"modified":"2021-09-15T20:21:57","modified_gmt":"2021-09-15T20:21:57","slug":"prsten-25","status":"publish","type":"product","link":"https:\/\/zlatesperky-rb.cz\/?product=prsten-25","title":{"rendered":"Prsten"},"content":{"rendered":"<p>Prst\u00fdnek kam\u00ednkov\u00fd dva b\u00edl\u00e9 kam\u00ednky,lze vyrobit i v jin\u00e9 barv\u011b zlata nebo jin\u00e9 barv\u011b kamenu.<\/p>\n<p>&nbsp;<\/p>\n","protected":false},"excerpt":{"rendered":"<ul>\n<li>v\u00e1ha zlata 14 kr 1,4 g<\/li>\n<li>velikost prstenu 54<\/li>\n<li>velikost kamen\u016f 4 mm<\/li>\n<\/ul>\n","protected":false},"featured_media":1007,"template":"","meta":[],"product_cat":[20,27],"product_tag":[],"_links":{"self":[{"href":"https:\/\/zlatesperky-rb.cz\/index.php?rest_route=\/wp\/v2\/product\/1019"}],"collection":[{"href":"https:\/\/zlatesperky-rb.cz\/index.php?rest_route=\/wp\/v2\/product"}],"about":[{"href":"https:\/\/zlatesperky-rb.cz\/index.php?rest_route=\/wp\/v2\/types\/product"}],"wp:featuredmedia":[{"embeddable":true,"href":"https:\/\/zlatesperky-rb.cz\/index.php?rest_route=\/wp\/v2\/media\/1007"}],"wp:attachment":[{"href":"https:\/\/zlatesperky-rb.cz\/index.php?rest_route=%2Fwp%2Fv2%2Fmedia&parent=1019"}],"wp:term":[{"taxonomy":"product_cat","embeddable":true,"href":"https:\/\/zlatesperky-rb.cz\/index.php?rest_route=%2Fwp%2Fv2%2Fproduct_cat&post=1019"},{"taxonomy":"product_tag","embeddable":true,"href":"https:\/\/zlatesperky-rb.cz\/index.php?rest_route=%2Fwp%2Fv2%2Fproduct_tag&post=1019"}],"curies":[{"name":"wp","href":"https:\/\/api.w.org\/{rel}","templated":true}]}}