{"id":1037,"date":"2021-09-13T21:48:22","date_gmt":"2021-09-13T21:48:22","guid":{"rendered":"http:\/\/www.zlatesperkyrb.cz.uvirt111.active24.cz\/?post_type=product&#038;p=1037"},"modified":"2021-09-17T23:02:21","modified_gmt":"2021-09-17T23:02:21","slug":"prsten-26","status":"publish","type":"product","link":"https:\/\/zlatesperky-rb.cz\/?product=prsten-26","title":{"rendered":"Prsten s turmal\u00edny"},"content":{"rendered":"<p>Prsten s p\u0159\u00edrodn\u00edm Turmal\u00ednem ve \u017elut\u011bm 14 kr zlat\u011b, turmal\u00edn m\u00e1\u00a0 tmav\u011b zelenou barvu a\u00a0 syt\u011b \u017elutou barvu.<\/p>\n<p>kameny maj\u00ed zasazen\u00ed do hladk\u00e9 obruby a\u00a0 prsten m\u00e1 p\u016flkulatou obrou\u010dku vytvarovanou do vlnky.<\/p>\n","protected":false},"excerpt":{"rendered":"<ul>\n<li>v\u00e1ha prstenu 2 g \/14 kr \/<\/li>\n<li>velikost prstenu 54<\/li>\n<li>velikost kamenu 5 mm<\/li>\n<\/ul>\n","protected":false},"featured_media":1270,"template":"","meta":[],"product_cat":[20,27],"product_tag":[],"_links":{"self":[{"href":"https:\/\/zlatesperky-rb.cz\/index.php?rest_route=\/wp\/v2\/product\/1037"}],"collection":[{"href":"https:\/\/zlatesperky-rb.cz\/index.php?rest_route=\/wp\/v2\/product"}],"about":[{"href":"https:\/\/zlatesperky-rb.cz\/index.php?rest_route=\/wp\/v2\/types\/product"}],"wp:featuredmedia":[{"embeddable":true,"href":"https:\/\/zlatesperky-rb.cz\/index.php?rest_route=\/wp\/v2\/media\/1270"}],"wp:attachment":[{"href":"https:\/\/zlatesperky-rb.cz\/index.php?rest_route=%2Fwp%2Fv2%2Fmedia&parent=1037"}],"wp:term":[{"taxonomy":"product_cat","embeddable":true,"href":"https:\/\/zlatesperky-rb.cz\/index.php?rest_route=%2Fwp%2Fv2%2Fproduct_cat&post=1037"},{"taxonomy":"product_tag","embeddable":true,"href":"https:\/\/zlatesperky-rb.cz\/index.php?rest_route=%2Fwp%2Fv2%2Fproduct_tag&post=1037"}],"curies":[{"name":"wp","href":"https:\/\/api.w.org\/{rel}","templated":true}]}}