{"id":1061,"date":"2021-09-13T22:50:48","date_gmt":"2021-09-13T22:50:48","guid":{"rendered":"http:\/\/www.zlatesperkyrb.cz.uvirt111.active24.cz\/?post_type=product&#038;p=1061"},"modified":"2021-09-15T20:27:06","modified_gmt":"2021-09-15T20:27:06","slug":"nahrdelnik-3","status":"publish","type":"product","link":"https:\/\/zlatesperky-rb.cz\/?product=nahrdelnik-3","title":{"rendered":"N\u00e1hrdeln\u00edk  Amazonit"},"content":{"rendered":"<p>N\u00e1hrdeln\u00edk s p\u0159\u00edrodn\u00edm Amazonitem ru\u010dn\u011b vyr\u00e1b\u011bny i ru\u010dn\u011b brou\u0161en\u00fd kamen jemn\u011b modrozelen\u00e9 barv\u011b.<\/p>\n<p>N\u00e1hrdeln\u00edk je vyroben ve \u017elut\u00e9m 14 kr zlat\u011b.<\/p>\n","protected":false},"excerpt":{"rendered":"<ul>\n<li>v\u00e1ha n\u00e1hrdeln\u00edku 4,4 g \/14 kr\/<\/li>\n<li>d\u00e9lka\u00a0 n\u00e1hrdeln\u00edku 47 cm<\/li>\n<li>velikost kamen\u016f 11&#215;11 mm, 8&#215;8 mm<\/li>\n<\/ul>\n","protected":false},"featured_media":1064,"template":"","meta":[],"product_cat":[25],"product_tag":[],"_links":{"self":[{"href":"https:\/\/zlatesperky-rb.cz\/index.php?rest_route=\/wp\/v2\/product\/1061"}],"collection":[{"href":"https:\/\/zlatesperky-rb.cz\/index.php?rest_route=\/wp\/v2\/product"}],"about":[{"href":"https:\/\/zlatesperky-rb.cz\/index.php?rest_route=\/wp\/v2\/types\/product"}],"wp:featuredmedia":[{"embeddable":true,"href":"https:\/\/zlatesperky-rb.cz\/index.php?rest_route=\/wp\/v2\/media\/1064"}],"wp:attachment":[{"href":"https:\/\/zlatesperky-rb.cz\/index.php?rest_route=%2Fwp%2Fv2%2Fmedia&parent=1061"}],"wp:term":[{"taxonomy":"product_cat","embeddable":true,"href":"https:\/\/zlatesperky-rb.cz\/index.php?rest_route=%2Fwp%2Fv2%2Fproduct_cat&post=1061"},{"taxonomy":"product_tag","embeddable":true,"href":"https:\/\/zlatesperky-rb.cz\/index.php?rest_route=%2Fwp%2Fv2%2Fproduct_tag&post=1061"}],"curies":[{"name":"wp","href":"https:\/\/api.w.org\/{rel}","templated":true}]}}