{"id":1157,"date":"2021-09-15T22:19:14","date_gmt":"2021-09-15T22:19:14","guid":{"rendered":"http:\/\/www.zlatesperkyrb.cz.uvirt111.active24.cz\/?post_type=product&#038;p=1157"},"modified":"2021-09-28T12:14:39","modified_gmt":"2021-09-28T12:14:39","slug":"souprava-4","status":"publish","type":"product","link":"https:\/\/zlatesperky-rb.cz\/?product=souprava-4","title":{"rendered":"Souprava"},"content":{"rendered":"<p>Perlov\u00e1 souprava je vyrobena ze 14 kr \u017elut\u00e9ho zlata\u00a0 m\u00e1 modern\u00ed a vkusn\u00fd\u00a0 vzhled. Perly jsou p\u0159\u00edrodn\u00ed sladkovodn\u00ed a maj\u00ed barvu sv\u011btl\u00e9 meru\u0144ky.Prsten m\u00e1 hladk\u00fd tvar ,kter\u00fd je velice obl\u00edben\u00fd a n\u00e1u\u0161nice maj\u00ed vypilovanou misti\u010dku do tvaru kv\u011btu a klasick\u00e9 uchycen\u00ed na h\u00e1\u010dek a patentov\u00fd uz\u00e1v\u011br.<\/p>\n<p>&nbsp;<\/p>\n","protected":false},"excerpt":{"rendered":"<ul>\n<li>v\u00e1ha zlata u prstenu 4,55 g \/14 kr \/<\/li>\n<li>velikost prstenu 56<\/li>\n<li>velikost perly 11 mm<\/li>\n<li>cena prstenu 12800 k\u010d<\/li>\n<li>v\u00e1ha zlata n\u00e1u\u0161nice 2,45 g \/14 kr \/<\/li>\n<li>velikost n\u00e1u\u0161nic 19 mm<\/li>\n<li>velikost perel 11 mm<\/li>\n<li>cena n\u00e1u\u0161nic 11800 k\u010d<\/li>\n<\/ul>\n","protected":false},"featured_media":1152,"template":"","meta":[],"product_cat":[19],"product_tag":[],"_links":{"self":[{"href":"https:\/\/zlatesperky-rb.cz\/index.php?rest_route=\/wp\/v2\/product\/1157"}],"collection":[{"href":"https:\/\/zlatesperky-rb.cz\/index.php?rest_route=\/wp\/v2\/product"}],"about":[{"href":"https:\/\/zlatesperky-rb.cz\/index.php?rest_route=\/wp\/v2\/types\/product"}],"wp:featuredmedia":[{"embeddable":true,"href":"https:\/\/zlatesperky-rb.cz\/index.php?rest_route=\/wp\/v2\/media\/1152"}],"wp:attachment":[{"href":"https:\/\/zlatesperky-rb.cz\/index.php?rest_route=%2Fwp%2Fv2%2Fmedia&parent=1157"}],"wp:term":[{"taxonomy":"product_cat","embeddable":true,"href":"https:\/\/zlatesperky-rb.cz\/index.php?rest_route=%2Fwp%2Fv2%2Fproduct_cat&post=1157"},{"taxonomy":"product_tag","embeddable":true,"href":"https:\/\/zlatesperky-rb.cz\/index.php?rest_route=%2Fwp%2Fv2%2Fproduct_tag&post=1157"}],"curies":[{"name":"wp","href":"https:\/\/api.w.org\/{rel}","templated":true}]}}