{"id":1160,"date":"2021-09-15T22:26:45","date_gmt":"2021-09-15T22:26:45","guid":{"rendered":"http:\/\/www.zlatesperkyrb.cz.uvirt111.active24.cz\/?post_type=product&#038;p=1160"},"modified":"2021-09-28T12:27:03","modified_gmt":"2021-09-28T12:27:03","slug":"souprava-7","status":"publish","type":"product","link":"https:\/\/zlatesperky-rb.cz\/?product=souprava-7","title":{"rendered":"Prsten perlov\u00fd"},"content":{"rendered":"<p>Perlov\u00fd prsten vyroben ru\u010dn\u011b ze 14 kr \u017elut\u00e9ho zlata.<\/p>\n<p>Perlov\u00fd prsten m\u00e1 klasick\u00fd vzhled, perla je usazen\u00e1 do misky a celkov\u00fd vzhled prstenu je velmi n\u011b\u017en\u00fd.<\/p>\n","protected":false},"excerpt":{"rendered":"<ul>\n<li>v\u00e1ha zlata 2,1g \/14 kr \/<\/li>\n<li>velikost prstenu 52<\/li>\n<li>velikost perly 5,5 mm<\/li>\n<\/ul>\n","protected":false},"featured_media":1141,"template":"","meta":[],"product_cat":[19],"product_tag":[],"_links":{"self":[{"href":"https:\/\/zlatesperky-rb.cz\/index.php?rest_route=\/wp\/v2\/product\/1160"}],"collection":[{"href":"https:\/\/zlatesperky-rb.cz\/index.php?rest_route=\/wp\/v2\/product"}],"about":[{"href":"https:\/\/zlatesperky-rb.cz\/index.php?rest_route=\/wp\/v2\/types\/product"}],"wp:featuredmedia":[{"embeddable":true,"href":"https:\/\/zlatesperky-rb.cz\/index.php?rest_route=\/wp\/v2\/media\/1141"}],"wp:attachment":[{"href":"https:\/\/zlatesperky-rb.cz\/index.php?rest_route=%2Fwp%2Fv2%2Fmedia&parent=1160"}],"wp:term":[{"taxonomy":"product_cat","embeddable":true,"href":"https:\/\/zlatesperky-rb.cz\/index.php?rest_route=%2Fwp%2Fv2%2Fproduct_cat&post=1160"},{"taxonomy":"product_tag","embeddable":true,"href":"https:\/\/zlatesperky-rb.cz\/index.php?rest_route=%2Fwp%2Fv2%2Fproduct_tag&post=1160"}],"curies":[{"name":"wp","href":"https:\/\/api.w.org\/{rel}","templated":true}]}}