{"id":1185,"date":"2021-09-16T06:37:57","date_gmt":"2021-09-16T06:37:57","guid":{"rendered":"http:\/\/www.zlatesperkyrb.cz.uvirt111.active24.cz\/?post_type=product&#038;p=1185"},"modified":"2021-09-28T11:00:34","modified_gmt":"2021-09-28T11:00:34","slug":"prsten-30","status":"publish","type":"product","link":"https:\/\/zlatesperky-rb.cz\/?product=prsten-30","title":{"rendered":"Prsten s p\u0159\u00edrodn\u00edm saf\u00edrem"},"content":{"rendered":"<p>Prsten s p\u0159\u00edrodn\u00edm saf\u00edrem je vyroben ze 14 kr zlata v b\u00edl\u00e9 barv\u011b .<\/p>\n<p>Prsten je ru\u010dn\u00ed v\u00fdroba, m\u00e1 masivn\u00ed obrou\u010dku i obrubu kolem krasn\u011b vybrou\u0161en\u00e9ho saf\u00edru, kter\u00fd m\u00e1 tvar troj\u00faheln\u00edku.<\/p>\n<p>Prsten hezky sed\u00ed na prstu m\u00e1 zaoblen\u00e9 tvary a\u00a0 i p\u0159es svoj\u00ed masivn\u00ed tvar vypad\u00e1 elegantn\u011b.<\/p>\n","protected":false},"excerpt":{"rendered":"<ul>\n<li>v\u00e1ha zlata 7,10 g \/ 14 kr \/<\/li>\n<li>velikost prstenu 54<\/li>\n<li>velikost kamene 1,743 ct\u00a0 8x8x8 mm Saf\u00edr \/p\u0159\u00edrodn\u00ed\/<\/li>\n<\/ul>\n","protected":false},"featured_media":840,"template":"","meta":[],"product_cat":[20,27],"product_tag":[],"_links":{"self":[{"href":"https:\/\/zlatesperky-rb.cz\/index.php?rest_route=\/wp\/v2\/product\/1185"}],"collection":[{"href":"https:\/\/zlatesperky-rb.cz\/index.php?rest_route=\/wp\/v2\/product"}],"about":[{"href":"https:\/\/zlatesperky-rb.cz\/index.php?rest_route=\/wp\/v2\/types\/product"}],"wp:featuredmedia":[{"embeddable":true,"href":"https:\/\/zlatesperky-rb.cz\/index.php?rest_route=\/wp\/v2\/media\/840"}],"wp:attachment":[{"href":"https:\/\/zlatesperky-rb.cz\/index.php?rest_route=%2Fwp%2Fv2%2Fmedia&parent=1185"}],"wp:term":[{"taxonomy":"product_cat","embeddable":true,"href":"https:\/\/zlatesperky-rb.cz\/index.php?rest_route=%2Fwp%2Fv2%2Fproduct_cat&post=1185"},{"taxonomy":"product_tag","embeddable":true,"href":"https:\/\/zlatesperky-rb.cz\/index.php?rest_route=%2Fwp%2Fv2%2Fproduct_tag&post=1185"}],"curies":[{"name":"wp","href":"https:\/\/api.w.org\/{rel}","templated":true}]}}