{"id":1186,"date":"2021-09-16T06:39:42","date_gmt":"2021-09-16T06:39:42","guid":{"rendered":"http:\/\/www.zlatesperkyrb.cz.uvirt111.active24.cz\/?post_type=product&#038;p=1186"},"modified":"2021-09-28T10:41:22","modified_gmt":"2021-09-28T10:41:22","slug":"prsten-31","status":"publish","type":"product","link":"https:\/\/zlatesperky-rb.cz\/?product=prsten-31","title":{"rendered":"Prsten"},"content":{"rendered":"<p>Prsten smaragdov\u00fd je ru\u010dn\u00ed pr\u00e1ce ze 14 kr \u017elut\u00e9ho zlata a ru\u010dn\u011b vsazovan\u00e9 diamanty do obrou\u010dky prstenu.<\/p>\n<p>Smaragd poch\u00e1z\u00ed z Kolumbie a m\u00e1 syt\u011b zelenou barvu a je vsazen do hladk\u00e9 obruby s jemnou rytinou okolo smaragdu.<\/p>\n<p>Prsten je pouze jeden a ji\u017e se s t\u00edmto smaragdem nebude opakovat.<\/p>\n","protected":false},"excerpt":{"rendered":"<ul>\n<li>v\u00e1ha zlata 1,66 g \/ 14 kr \/<\/li>\n<li>velikost prstenu 53<\/li>\n<li>v\u00e1ha smaragdu 0,33 ct 5,5 x 4,6 mm<\/li>\n<li>v\u00e1ha diamantu 0,196 ct Si1G\u00a0 14 ks<\/li>\n<\/ul>\n","protected":false},"featured_media":834,"template":"","meta":[],"product_cat":[20,27],"product_tag":[],"_links":{"self":[{"href":"https:\/\/zlatesperky-rb.cz\/index.php?rest_route=\/wp\/v2\/product\/1186"}],"collection":[{"href":"https:\/\/zlatesperky-rb.cz\/index.php?rest_route=\/wp\/v2\/product"}],"about":[{"href":"https:\/\/zlatesperky-rb.cz\/index.php?rest_route=\/wp\/v2\/types\/product"}],"wp:featuredmedia":[{"embeddable":true,"href":"https:\/\/zlatesperky-rb.cz\/index.php?rest_route=\/wp\/v2\/media\/834"}],"wp:attachment":[{"href":"https:\/\/zlatesperky-rb.cz\/index.php?rest_route=%2Fwp%2Fv2%2Fmedia&parent=1186"}],"wp:term":[{"taxonomy":"product_cat","embeddable":true,"href":"https:\/\/zlatesperky-rb.cz\/index.php?rest_route=%2Fwp%2Fv2%2Fproduct_cat&post=1186"},{"taxonomy":"product_tag","embeddable":true,"href":"https:\/\/zlatesperky-rb.cz\/index.php?rest_route=%2Fwp%2Fv2%2Fproduct_tag&post=1186"}],"curies":[{"name":"wp","href":"https:\/\/api.w.org\/{rel}","templated":true}]}}