{"id":1190,"date":"2021-09-16T07:21:55","date_gmt":"2021-09-16T07:21:55","guid":{"rendered":"http:\/\/www.zlatesperkyrb.cz.uvirt111.active24.cz\/?post_type=product&#038;p=1190"},"modified":"2021-09-16T19:13:58","modified_gmt":"2021-09-16T19:13:58","slug":"prsten-32","status":"publish","type":"product","link":"https:\/\/zlatesperky-rb.cz\/?product=prsten-32","title":{"rendered":"Prsten"},"content":{"rendered":"<p>Prsten vyroben ve 14 kr \u017elut\u00e9m zlat\u011b se t\u0159emi syntetick\u00fdmi saf\u00edry. Prst\u00fdnek\u00a0 p\u016fsob\u00ed\u00a0 velmi jemn\u011b a decentn\u011b.<\/p>\n","protected":false},"excerpt":{"rendered":"<ul>\n<li>v\u00e1ha prstenu 2 g \/14 kr \/<\/li>\n<li>velikost prstenu 52<\/li>\n<li>\u0161\u00ed\u0159e prstenu 4 mm<\/li>\n<\/ul>\n","protected":false},"featured_media":1014,"template":"","meta":[],"product_cat":[20,27],"product_tag":[],"_links":{"self":[{"href":"https:\/\/zlatesperky-rb.cz\/index.php?rest_route=\/wp\/v2\/product\/1190"}],"collection":[{"href":"https:\/\/zlatesperky-rb.cz\/index.php?rest_route=\/wp\/v2\/product"}],"about":[{"href":"https:\/\/zlatesperky-rb.cz\/index.php?rest_route=\/wp\/v2\/types\/product"}],"wp:featuredmedia":[{"embeddable":true,"href":"https:\/\/zlatesperky-rb.cz\/index.php?rest_route=\/wp\/v2\/media\/1014"}],"wp:attachment":[{"href":"https:\/\/zlatesperky-rb.cz\/index.php?rest_route=%2Fwp%2Fv2%2Fmedia&parent=1190"}],"wp:term":[{"taxonomy":"product_cat","embeddable":true,"href":"https:\/\/zlatesperky-rb.cz\/index.php?rest_route=%2Fwp%2Fv2%2Fproduct_cat&post=1190"},{"taxonomy":"product_tag","embeddable":true,"href":"https:\/\/zlatesperky-rb.cz\/index.php?rest_route=%2Fwp%2Fv2%2Fproduct_tag&post=1190"}],"curies":[{"name":"wp","href":"https:\/\/api.w.org\/{rel}","templated":true}]}}