{"id":1192,"date":"2021-09-16T07:28:14","date_gmt":"2021-09-16T07:28:14","guid":{"rendered":"http:\/\/www.zlatesperkyrb.cz.uvirt111.active24.cz\/?post_type=product&#038;p=1192"},"modified":"2021-09-16T19:05:49","modified_gmt":"2021-09-16T19:05:49","slug":"prsten-33","status":"publish","type":"product","link":"https:\/\/zlatesperky-rb.cz\/?product=prsten-33","title":{"rendered":"Prsten s amezonitem"},"content":{"rendered":"<p>Prsten vyroben ru\u010dn\u011b ze 14 kr zlata a ru\u010dn\u011b, kr\u00e1sn\u011b dozdoben rytinou na boc\u00edch a okolo kamene. Prsten je original a je vyroben v jednom proveden\u00ed.<\/p>\n","protected":false},"excerpt":{"rendered":"<ul>\n<li>v\u00e1ha prstenu 7,2 g \/14 kr \/<\/li>\n<li>velikost prstenu 54<\/li>\n<li>velikost kamene pr\u016fm\u011br 25 mm<\/li>\n<li>v\u00e1ha kamene 26,25ct<\/li>\n<\/ul>\n","protected":false},"featured_media":802,"template":"","meta":[],"product_cat":[20,27],"product_tag":[],"_links":{"self":[{"href":"https:\/\/zlatesperky-rb.cz\/index.php?rest_route=\/wp\/v2\/product\/1192"}],"collection":[{"href":"https:\/\/zlatesperky-rb.cz\/index.php?rest_route=\/wp\/v2\/product"}],"about":[{"href":"https:\/\/zlatesperky-rb.cz\/index.php?rest_route=\/wp\/v2\/types\/product"}],"wp:featuredmedia":[{"embeddable":true,"href":"https:\/\/zlatesperky-rb.cz\/index.php?rest_route=\/wp\/v2\/media\/802"}],"wp:attachment":[{"href":"https:\/\/zlatesperky-rb.cz\/index.php?rest_route=%2Fwp%2Fv2%2Fmedia&parent=1192"}],"wp:term":[{"taxonomy":"product_cat","embeddable":true,"href":"https:\/\/zlatesperky-rb.cz\/index.php?rest_route=%2Fwp%2Fv2%2Fproduct_cat&post=1192"},{"taxonomy":"product_tag","embeddable":true,"href":"https:\/\/zlatesperky-rb.cz\/index.php?rest_route=%2Fwp%2Fv2%2Fproduct_tag&post=1192"}],"curies":[{"name":"wp","href":"https:\/\/api.w.org\/{rel}","templated":true}]}}