{"id":1193,"date":"2021-09-16T07:31:47","date_gmt":"2021-09-16T07:31:47","guid":{"rendered":"http:\/\/www.zlatesperkyrb.cz.uvirt111.active24.cz\/?post_type=product&#038;p=1193"},"modified":"2021-11-14T18:32:25","modified_gmt":"2021-11-14T18:32:25","slug":"modelovy-sperk","status":"publish","type":"product","link":"https:\/\/zlatesperky-rb.cz\/?product=modelovy-sperk","title":{"rendered":"P\u0159\u00edv\u011bsek &#8211; Modelov\u00fd \u0161perk"},"content":{"rendered":"<p>P\u016fvabn\u00fd\u00a0 obli\u010dej \u017eeny vy\u0159ezan\u00fd do mo\u0159sk\u00e9ho kor\u00e1lu\u00a0 lososov\u00e9 barvy , tento kor\u00e1l jsme zasadili do 14 kr \u017elut\u00e9ho zlata s vy\u0159ez\u00e1van\u00fdmi kyti\u010dkami z b\u00edl\u00e9ho a \u017elut\u00e9ho zlata 14 kr.\u00a0 Tento \u0161perk je vyroben pouze jeden kus a je neopakovateln\u00fd.<\/p>\n","protected":false},"excerpt":{"rendered":"<ul>\n<li>v\u00e1ha 6 g \/14 kr \/<\/li>\n<li>v\u00e1ha kor\u00e1lu 12,2 g<\/li>\n<li>velikost 45x50mm<\/li>\n<li>barva p\u0159\u00edrodn\u00edho kor\u00e1lu je lososov\u00e1<\/li>\n<li>modelov\u00fd \u0161perk &#8211; vyroben pouze jeden kus a je neopakovateln\u00fd.<\/li>\n<li>v nab\u00eddce jsou i v\u00fdrobky, kter\u00e9 by mohly tvo\u0159it se \u0161perkem soupravu<\/li>\n<\/ul>\n","protected":false},"featured_media":805,"template":"","meta":[],"product_cat":[40,23],"product_tag":[],"_links":{"self":[{"href":"https:\/\/zlatesperky-rb.cz\/index.php?rest_route=\/wp\/v2\/product\/1193"}],"collection":[{"href":"https:\/\/zlatesperky-rb.cz\/index.php?rest_route=\/wp\/v2\/product"}],"about":[{"href":"https:\/\/zlatesperky-rb.cz\/index.php?rest_route=\/wp\/v2\/types\/product"}],"wp:featuredmedia":[{"embeddable":true,"href":"https:\/\/zlatesperky-rb.cz\/index.php?rest_route=\/wp\/v2\/media\/805"}],"wp:attachment":[{"href":"https:\/\/zlatesperky-rb.cz\/index.php?rest_route=%2Fwp%2Fv2%2Fmedia&parent=1193"}],"wp:term":[{"taxonomy":"product_cat","embeddable":true,"href":"https:\/\/zlatesperky-rb.cz\/index.php?rest_route=%2Fwp%2Fv2%2Fproduct_cat&post=1193"},{"taxonomy":"product_tag","embeddable":true,"href":"https:\/\/zlatesperky-rb.cz\/index.php?rest_route=%2Fwp%2Fv2%2Fproduct_tag&post=1193"}],"curies":[{"name":"wp","href":"https:\/\/api.w.org\/{rel}","templated":true}]}}