{"id":1200,"date":"2021-09-16T07:57:10","date_gmt":"2021-09-16T07:57:10","guid":{"rendered":"http:\/\/www.zlatesperkyrb.cz.uvirt111.active24.cz\/?post_type=product&#038;p=1200"},"modified":"2026-03-15T12:24:45","modified_gmt":"2026-03-15T12:24:45","slug":"naramek-7","status":"publish","type":"product","link":"https:\/\/zlatesperky-rb.cz\/?product=naramek-7","title":{"rendered":"N\u00e1ramek s perlami"},"content":{"rendered":"<p>N\u00e1ramek z b\u00edl\u00e9ho zlata 14 kr\u00a0 zdoben\u00fd\u00a0 b\u00edl\u00fdmi sladkovodn\u00edmi perlami\u00a0 a zlat\u00fdmi kuli\u010dkami a\u00a0 4 \u010dl\u00e1nky ve tvaru\u00a0 vkusn\u00e9 osmi\u010dky. Ru\u010dn\u00ed pr\u00e1ce,vlastn\u00ed n\u00e1pad . Lze dod\u011blat i n\u00e1hrdeln\u00edk.<\/p>\n","protected":false},"excerpt":{"rendered":"<ul>\n<li>d\u00e9lka n\u00e1ramku 19 cm<\/li>\n<li>v\u00e1ha n\u00e1ramku 8,1 g<\/li>\n<li>velikost perel 9 mm \/4 ks \/<\/li>\n<li>velikost kuli\u010dek 5 mm \/8 ks\/<\/li>\n<\/ul>\n","protected":false},"featured_media":590,"template":"","meta":[],"product_cat":[21],"product_tag":[],"_links":{"self":[{"href":"https:\/\/zlatesperky-rb.cz\/index.php?rest_route=\/wp\/v2\/product\/1200"}],"collection":[{"href":"https:\/\/zlatesperky-rb.cz\/index.php?rest_route=\/wp\/v2\/product"}],"about":[{"href":"https:\/\/zlatesperky-rb.cz\/index.php?rest_route=\/wp\/v2\/types\/product"}],"wp:featuredmedia":[{"embeddable":true,"href":"https:\/\/zlatesperky-rb.cz\/index.php?rest_route=\/wp\/v2\/media\/590"}],"wp:attachment":[{"href":"https:\/\/zlatesperky-rb.cz\/index.php?rest_route=%2Fwp%2Fv2%2Fmedia&parent=1200"}],"wp:term":[{"taxonomy":"product_cat","embeddable":true,"href":"https:\/\/zlatesperky-rb.cz\/index.php?rest_route=%2Fwp%2Fv2%2Fproduct_cat&post=1200"},{"taxonomy":"product_tag","embeddable":true,"href":"https:\/\/zlatesperky-rb.cz\/index.php?rest_route=%2Fwp%2Fv2%2Fproduct_tag&post=1200"}],"curies":[{"name":"wp","href":"https:\/\/api.w.org\/{rel}","templated":true}]}}