{"id":1204,"date":"2021-09-16T08:43:24","date_gmt":"2021-09-16T08:43:24","guid":{"rendered":"http:\/\/www.zlatesperkyrb.cz.uvirt111.active24.cz\/?post_type=product&#038;p=1204"},"modified":"2021-09-16T17:44:21","modified_gmt":"2021-09-16T17:44:21","slug":"nausnice-7","status":"publish","type":"product","link":"https:\/\/zlatesperky-rb.cz\/?product=nausnice-7","title":{"rendered":"N\u00e1u\u0161nice diamantov\u00e9"},"content":{"rendered":"<p>&nbsp;<\/p>\n<p>Diamantov\u00e9 n\u00e1u\u0161nice ru\u010dn\u011b vyr\u00e1b\u011bn\u00e9 ,ru\u010dn\u011b fasovan\u00e9 v b\u00edl\u00e9m 14 kar zlat\u011b vyroben jeden origin\u00e1ln\u00ed p\u00e1r.<\/p>\n<p>&nbsp;<\/p>\n","protected":false},"excerpt":{"rendered":"<ul>\n<li>diamantov\u00e9 n\u00e1u\u0161nice\u00a0 v\u00e1ha 2,9 g \/14 kr \/<\/li>\n<li>v\u00e1ha diamantu 0,196 ct<\/li>\n<li>kvalita diamantu Si1 H<\/li>\n<li>d\u00e9lka n\u00e1u\u0161nic 40 mm<\/li>\n<li>zap\u00edn\u00e1n\u00ed n\u00e1u\u0161nic puzety<\/li>\n<\/ul>\n","protected":false},"featured_media":678,"template":"","meta":[],"product_cat":[22,29],"product_tag":[],"_links":{"self":[{"href":"https:\/\/zlatesperky-rb.cz\/index.php?rest_route=\/wp\/v2\/product\/1204"}],"collection":[{"href":"https:\/\/zlatesperky-rb.cz\/index.php?rest_route=\/wp\/v2\/product"}],"about":[{"href":"https:\/\/zlatesperky-rb.cz\/index.php?rest_route=\/wp\/v2\/types\/product"}],"wp:featuredmedia":[{"embeddable":true,"href":"https:\/\/zlatesperky-rb.cz\/index.php?rest_route=\/wp\/v2\/media\/678"}],"wp:attachment":[{"href":"https:\/\/zlatesperky-rb.cz\/index.php?rest_route=%2Fwp%2Fv2%2Fmedia&parent=1204"}],"wp:term":[{"taxonomy":"product_cat","embeddable":true,"href":"https:\/\/zlatesperky-rb.cz\/index.php?rest_route=%2Fwp%2Fv2%2Fproduct_cat&post=1204"},{"taxonomy":"product_tag","embeddable":true,"href":"https:\/\/zlatesperky-rb.cz\/index.php?rest_route=%2Fwp%2Fv2%2Fproduct_tag&post=1204"}],"curies":[{"name":"wp","href":"https:\/\/api.w.org\/{rel}","templated":true}]}}