{"id":1262,"date":"2021-09-17T21:36:14","date_gmt":"2021-09-17T21:36:14","guid":{"rendered":"http:\/\/www.zlatesperkyrb.cz.uvirt111.active24.cz\/?post_type=product&#038;p=1262"},"modified":"2026-03-15T12:42:00","modified_gmt":"2026-03-15T12:42:00","slug":"naramek-12","status":"publish","type":"product","link":"https:\/\/zlatesperky-rb.cz\/?product=naramek-12","title":{"rendered":"N\u00e1ramek s kamenem"},"content":{"rendered":"<p>Zlat\u00fd n\u00e1ramek 14 kar. \u017elut\u00e9 barvy zdoben\u00fd p\u0159\u00edrodn\u00edm kamenem Lazurit , kter\u00fd je vybrou\u0161en do \u010dtverce a zdoben \u0161achov\u00fdm brusem z obou stran.\u00a0 K n\u00e1ramku lze vyrobit i n\u00e1hrdeln\u00edk nebo n\u00e1u\u0161nice.<\/p>\n","protected":false},"excerpt":{"rendered":"<ul>\n<li>v\u00e1ha zlata 1,75g \/14kr\/<\/li>\n<li>d\u00e9lka n\u00e1ramku 18 cm<\/li>\n<li>velikost kamene 11&#215;11 mm a 8&#215;8 mm Lapis lazuli<\/li>\n<\/ul>\n","protected":false},"featured_media":1248,"template":"","meta":[],"product_cat":[21],"product_tag":[],"_links":{"self":[{"href":"https:\/\/zlatesperky-rb.cz\/index.php?rest_route=\/wp\/v2\/product\/1262"}],"collection":[{"href":"https:\/\/zlatesperky-rb.cz\/index.php?rest_route=\/wp\/v2\/product"}],"about":[{"href":"https:\/\/zlatesperky-rb.cz\/index.php?rest_route=\/wp\/v2\/types\/product"}],"wp:featuredmedia":[{"embeddable":true,"href":"https:\/\/zlatesperky-rb.cz\/index.php?rest_route=\/wp\/v2\/media\/1248"}],"wp:attachment":[{"href":"https:\/\/zlatesperky-rb.cz\/index.php?rest_route=%2Fwp%2Fv2%2Fmedia&parent=1262"}],"wp:term":[{"taxonomy":"product_cat","embeddable":true,"href":"https:\/\/zlatesperky-rb.cz\/index.php?rest_route=%2Fwp%2Fv2%2Fproduct_cat&post=1262"},{"taxonomy":"product_tag","embeddable":true,"href":"https:\/\/zlatesperky-rb.cz\/index.php?rest_route=%2Fwp%2Fv2%2Fproduct_tag&post=1262"}],"curies":[{"name":"wp","href":"https:\/\/api.w.org\/{rel}","templated":true}]}}