{"id":1263,"date":"2021-09-17T21:38:48","date_gmt":"2021-09-17T21:38:48","guid":{"rendered":"http:\/\/www.zlatesperkyrb.cz.uvirt111.active24.cz\/?post_type=product&#038;p=1263"},"modified":"2026-03-15T12:30:21","modified_gmt":"2026-03-15T12:30:21","slug":"naramek-13","status":"publish","type":"product","link":"https:\/\/zlatesperky-rb.cz\/?product=naramek-13","title":{"rendered":"N\u00e1ramek"},"content":{"rendered":"<p>Zlat\u00fd n\u00e1ramek zdoben\u00fd \u010dern\u00fdm kamenem Onyx a v \u0159et\u00edzku je navle\u010den \u010dern\u00fd jemn\u00fd kamen Spinel 20 ks. St\u0159edov\u00fd kamen je vybrou\u0161en do \u010dtverce a zdoben je\u00a0 \u0161achovnicov\u00fdm brusem z obou stran.<\/p>\n","protected":false},"excerpt":{"rendered":"<ul>\n<li>v\u00e1ha n\u00e1ramku 1,1 g \/14 kr \/<\/li>\n<li>d\u00e9lka n\u00e1ramku 18 cm<\/li>\n<li>velikost kamene st\u0159edov\u00fd 11&#215;11 mm onyx<\/li>\n<li>velikost kamene\u00a0 p\u0159\u00edv\u011b\u0161ek 8&#215;8 mm onyx<\/li>\n<\/ul>\n","protected":false},"featured_media":1252,"template":"","meta":[],"product_cat":[21],"product_tag":[],"_links":{"self":[{"href":"https:\/\/zlatesperky-rb.cz\/index.php?rest_route=\/wp\/v2\/product\/1263"}],"collection":[{"href":"https:\/\/zlatesperky-rb.cz\/index.php?rest_route=\/wp\/v2\/product"}],"about":[{"href":"https:\/\/zlatesperky-rb.cz\/index.php?rest_route=\/wp\/v2\/types\/product"}],"wp:featuredmedia":[{"embeddable":true,"href":"https:\/\/zlatesperky-rb.cz\/index.php?rest_route=\/wp\/v2\/media\/1252"}],"wp:attachment":[{"href":"https:\/\/zlatesperky-rb.cz\/index.php?rest_route=%2Fwp%2Fv2%2Fmedia&parent=1263"}],"wp:term":[{"taxonomy":"product_cat","embeddable":true,"href":"https:\/\/zlatesperky-rb.cz\/index.php?rest_route=%2Fwp%2Fv2%2Fproduct_cat&post=1263"},{"taxonomy":"product_tag","embeddable":true,"href":"https:\/\/zlatesperky-rb.cz\/index.php?rest_route=%2Fwp%2Fv2%2Fproduct_tag&post=1263"}],"curies":[{"name":"wp","href":"https:\/\/api.w.org\/{rel}","templated":true}]}}