{"id":1279,"date":"2021-09-18T00:58:41","date_gmt":"2021-09-18T00:58:41","guid":{"rendered":"http:\/\/www.zlatesperkyrb.cz.uvirt111.active24.cz\/?post_type=product&#038;p=1279"},"modified":"2026-03-15T12:41:20","modified_gmt":"2026-03-15T12:41:20","slug":"naramek-4","status":"publish","type":"product","link":"https:\/\/zlatesperky-rb.cz\/?product=naramek-4","title":{"rendered":"N\u00e1ramek"},"content":{"rendered":"<p>N\u00e1ramek ru\u010dn\u011b vyroben ze \u017elut\u00e9ho zlata 14 kr\u00a0 zdoben p\u0159\u00edrodn\u00edm kamenem Lapis lazuli,kter\u00fd s kombinac\u00ed \u017elut\u00e9ho zlata vytv\u00e1\u0159\u00ed krasnou hru barev na va\u0161em z\u00e1p\u011bst\u00ed.<\/p>\n","protected":false},"excerpt":{"rendered":"<ul>\n<li>v\u00e1ha zlata 6,45 g<\/li>\n<li>d\u00e9lka n\u00e1ramku 20 cm<\/li>\n<li>velikost kamene 8&#215;10 mm\u00a0 7 ks<\/li>\n<li>velikost kole\u010dek\u00a0 8,8 mm 7 ks<\/li>\n<li>zap\u00edn\u00e1n\u00ed p\u00e9rov\u00fd krou\u017eek<\/li>\n<\/ul>\n","protected":false},"featured_media":799,"template":"","meta":[],"product_cat":[21],"product_tag":[],"_links":{"self":[{"href":"https:\/\/zlatesperky-rb.cz\/index.php?rest_route=\/wp\/v2\/product\/1279"}],"collection":[{"href":"https:\/\/zlatesperky-rb.cz\/index.php?rest_route=\/wp\/v2\/product"}],"about":[{"href":"https:\/\/zlatesperky-rb.cz\/index.php?rest_route=\/wp\/v2\/types\/product"}],"wp:featuredmedia":[{"embeddable":true,"href":"https:\/\/zlatesperky-rb.cz\/index.php?rest_route=\/wp\/v2\/media\/799"}],"wp:attachment":[{"href":"https:\/\/zlatesperky-rb.cz\/index.php?rest_route=%2Fwp%2Fv2%2Fmedia&parent=1279"}],"wp:term":[{"taxonomy":"product_cat","embeddable":true,"href":"https:\/\/zlatesperky-rb.cz\/index.php?rest_route=%2Fwp%2Fv2%2Fproduct_cat&post=1279"},{"taxonomy":"product_tag","embeddable":true,"href":"https:\/\/zlatesperky-rb.cz\/index.php?rest_route=%2Fwp%2Fv2%2Fproduct_tag&post=1279"}],"curies":[{"name":"wp","href":"https:\/\/api.w.org\/{rel}","templated":true}]}}