{"id":1341,"date":"2021-09-27T09:58:40","date_gmt":"2021-09-27T09:58:40","guid":{"rendered":"http:\/\/www.zlatesperkyrb.cz.uvirt111.active24.cz\/?post_type=product&#038;p=1341"},"modified":"2021-11-23T12:33:25","modified_gmt":"2021-11-23T12:33:25","slug":"nausnice-12","status":"publish","type":"product","link":"https:\/\/zlatesperky-rb.cz\/?product=nausnice-12","title":{"rendered":"N\u00e1u\u0161nice diamantov\u00e9"},"content":{"rendered":"<p>N\u00e1u\u0161nice diamantov\u00e9 v b\u00edl\u00e9m zlat\u011b 14 kr\u00a0 ru\u010dn\u00ed v\u00fdroba zap\u00edn\u00e1n\u00ed na patent.<\/p>\n","protected":false},"excerpt":{"rendered":"<p>Zak\u00e1zkov\u00e1 v\u00fdroba<\/p>\n<ul>\n<li>v\u00e1ha zlata 1,3 g \/ 14 kr \/<\/li>\n<li>velikost diamantu 3,6 mm \/ 0,36 ct \/<\/li>\n<li>kvalita diamantu Si1 G<\/li>\n<li>velikost n\u00e1u\u0161nice 14 mm<\/li>\n<li>zap\u00edn\u00e1n\u00ed patentov\u00e9<\/li>\n<li>usazen\u00ed diamantu v \u0161at\u00f3nu 5 krapen<\/li>\n<\/ul>\n","protected":false},"featured_media":485,"template":"","meta":[],"product_cat":[22,29],"product_tag":[],"_links":{"self":[{"href":"https:\/\/zlatesperky-rb.cz\/index.php?rest_route=\/wp\/v2\/product\/1341"}],"collection":[{"href":"https:\/\/zlatesperky-rb.cz\/index.php?rest_route=\/wp\/v2\/product"}],"about":[{"href":"https:\/\/zlatesperky-rb.cz\/index.php?rest_route=\/wp\/v2\/types\/product"}],"wp:featuredmedia":[{"embeddable":true,"href":"https:\/\/zlatesperky-rb.cz\/index.php?rest_route=\/wp\/v2\/media\/485"}],"wp:attachment":[{"href":"https:\/\/zlatesperky-rb.cz\/index.php?rest_route=%2Fwp%2Fv2%2Fmedia&parent=1341"}],"wp:term":[{"taxonomy":"product_cat","embeddable":true,"href":"https:\/\/zlatesperky-rb.cz\/index.php?rest_route=%2Fwp%2Fv2%2Fproduct_cat&post=1341"},{"taxonomy":"product_tag","embeddable":true,"href":"https:\/\/zlatesperky-rb.cz\/index.php?rest_route=%2Fwp%2Fv2%2Fproduct_tag&post=1341"}],"curies":[{"name":"wp","href":"https:\/\/api.w.org\/{rel}","templated":true}]}}