{"id":1342,"date":"2021-09-27T10:00:57","date_gmt":"2021-09-27T10:00:57","guid":{"rendered":"http:\/\/www.zlatesperkyrb.cz.uvirt111.active24.cz\/?post_type=product&#038;p=1342"},"modified":"2026-03-19T22:56:06","modified_gmt":"2026-03-19T22:56:06","slug":"nausnice-13","status":"publish","type":"product","link":"https:\/\/zlatesperky-rb.cz\/?product=nausnice-13","title":{"rendered":"N\u00e1u\u0161nice"},"content":{"rendered":"<p>N\u00e1u\u0161ni\u010dky d\u011btsk\u00e9\u00a0 kyti\u010dky ze \u017elut\u00e9ho zlata 14 kr\u00a0 jsou v prodeji i v b\u00edl\u00e9m zlat\u011b 14 kr ,barva kam\u00ednku v\u00a0 kyti\u010dce mu\u017ee b\u00fdt dle p\u0159\u00e1n\u00ed z\u00e1kazn\u00edka\u00a0 \/ \u010derven\u00e1,modr\u00e1 zelen\u00e1, fialov\u00e1 r\u016f\u017eov\u00e1 \/<\/p>\n","protected":false},"excerpt":{"rendered":"<ul>\n<li>v\u00e1ha n\u00e1u\u0161nic 1,15 g \/ 14 kr \/<\/li>\n<li>velikost n\u00e1u\u0161nic 13,5 x5,5 mm<\/li>\n<li>velikost kyti\u010dky 5,5 mm s 5 b\u00edl\u00fdmi kam\u00ednky.<\/li>\n<li>zap\u00ednan\u00ed d\u011btsk\u00e9<\/li>\n<\/ul>\n","protected":false},"featured_media":483,"template":"","meta":[],"product_cat":[22,29],"product_tag":[],"_links":{"self":[{"href":"https:\/\/zlatesperky-rb.cz\/index.php?rest_route=\/wp\/v2\/product\/1342"}],"collection":[{"href":"https:\/\/zlatesperky-rb.cz\/index.php?rest_route=\/wp\/v2\/product"}],"about":[{"href":"https:\/\/zlatesperky-rb.cz\/index.php?rest_route=\/wp\/v2\/types\/product"}],"wp:featuredmedia":[{"embeddable":true,"href":"https:\/\/zlatesperky-rb.cz\/index.php?rest_route=\/wp\/v2\/media\/483"}],"wp:attachment":[{"href":"https:\/\/zlatesperky-rb.cz\/index.php?rest_route=%2Fwp%2Fv2%2Fmedia&parent=1342"}],"wp:term":[{"taxonomy":"product_cat","embeddable":true,"href":"https:\/\/zlatesperky-rb.cz\/index.php?rest_route=%2Fwp%2Fv2%2Fproduct_cat&post=1342"},{"taxonomy":"product_tag","embeddable":true,"href":"https:\/\/zlatesperky-rb.cz\/index.php?rest_route=%2Fwp%2Fv2%2Fproduct_tag&post=1342"}],"curies":[{"name":"wp","href":"https:\/\/api.w.org\/{rel}","templated":true}]}}