{"id":1344,"date":"2021-09-27T10:05:35","date_gmt":"2021-09-27T10:05:35","guid":{"rendered":"http:\/\/www.zlatesperkyrb.cz.uvirt111.active24.cz\/?post_type=product&#038;p=1344"},"modified":"2021-09-27T12:41:24","modified_gmt":"2021-09-27T12:41:24","slug":"nausnice-15","status":"publish","type":"product","link":"https:\/\/zlatesperky-rb.cz\/?product=nausnice-15","title":{"rendered":"N\u00e1u\u0161nice d\u011btsk\u00e9"},"content":{"rendered":"<p>Zlat\u00e9 n\u00e1u\u0161nice d\u011btsk\u00e9 kyti\u010dky jsou z b\u00edl\u00e9ho,\u017elut\u00e9ho a r\u016f\u017eov\u00e9ho zlata 14 kr.<\/p>\n<p>N\u00e1u\u0161ni\u010dky jsou ru\u010dn\u00ed modelov\u00e1 v\u00fdroba.<\/p>\n","protected":false},"excerpt":{"rendered":"<ul>\n<li>v\u00e1ha n\u00e1u\u0161nic 1,35 g<\/li>\n<li>velikost kyti\u010dek 5 mm<\/li>\n<li>velikost n\u00e1u\u0161nic 10 x 15,5 mm<\/li>\n<\/ul>\n","protected":false},"featured_media":471,"template":"","meta":[],"product_cat":[22,28],"product_tag":[],"_links":{"self":[{"href":"https:\/\/zlatesperky-rb.cz\/index.php?rest_route=\/wp\/v2\/product\/1344"}],"collection":[{"href":"https:\/\/zlatesperky-rb.cz\/index.php?rest_route=\/wp\/v2\/product"}],"about":[{"href":"https:\/\/zlatesperky-rb.cz\/index.php?rest_route=\/wp\/v2\/types\/product"}],"wp:featuredmedia":[{"embeddable":true,"href":"https:\/\/zlatesperky-rb.cz\/index.php?rest_route=\/wp\/v2\/media\/471"}],"wp:attachment":[{"href":"https:\/\/zlatesperky-rb.cz\/index.php?rest_route=%2Fwp%2Fv2%2Fmedia&parent=1344"}],"wp:term":[{"taxonomy":"product_cat","embeddable":true,"href":"https:\/\/zlatesperky-rb.cz\/index.php?rest_route=%2Fwp%2Fv2%2Fproduct_cat&post=1344"},{"taxonomy":"product_tag","embeddable":true,"href":"https:\/\/zlatesperky-rb.cz\/index.php?rest_route=%2Fwp%2Fv2%2Fproduct_tag&post=1344"}],"curies":[{"name":"wp","href":"https:\/\/api.w.org\/{rel}","templated":true}]}}