{"id":1424,"date":"2021-10-03T21:59:49","date_gmt":"2021-10-03T21:59:49","guid":{"rendered":"http:\/\/www.zlatesperkyrb.cz.uvirt111.active24.cz\/?post_type=product&#038;p=1424"},"modified":"2021-10-11T12:09:23","modified_gmt":"2021-10-11T12:09:23","slug":"prsten-35","status":"publish","type":"product","link":"https:\/\/zlatesperky-rb.cz\/?product=prsten-35","title":{"rendered":"Prsten"},"content":{"rendered":"<p>Prsten vyroben na zak\u00e1zku s p\u0159\u00edrodn\u00edm kamenem ,lze vyrobit v jin\u00e9 barv\u011b zlata a i s jin\u00fdm p\u0159\u00edrodn\u00edm kamenem \/ametyst,citr\u00edn,akvamar\u00edn,topaz\/<\/p>\n","protected":false},"excerpt":{"rendered":"<ul>\n<li>prsten vyroben na zak\u00e1zku<\/li>\n<li>k\u00e1men p\u0159\u00edrodn\u00ed \/Z\u00e1hn\u011bda\/<\/li>\n<li>prsten vyroben ze 14 kr\u00a0 \u017elut\u00e9ho zlata<\/li>\n<\/ul>\n","protected":false},"featured_media":746,"template":"","meta":[],"product_cat":[20,24],"product_tag":[],"_links":{"self":[{"href":"https:\/\/zlatesperky-rb.cz\/index.php?rest_route=\/wp\/v2\/product\/1424"}],"collection":[{"href":"https:\/\/zlatesperky-rb.cz\/index.php?rest_route=\/wp\/v2\/product"}],"about":[{"href":"https:\/\/zlatesperky-rb.cz\/index.php?rest_route=\/wp\/v2\/types\/product"}],"wp:featuredmedia":[{"embeddable":true,"href":"https:\/\/zlatesperky-rb.cz\/index.php?rest_route=\/wp\/v2\/media\/746"}],"wp:attachment":[{"href":"https:\/\/zlatesperky-rb.cz\/index.php?rest_route=%2Fwp%2Fv2%2Fmedia&parent=1424"}],"wp:term":[{"taxonomy":"product_cat","embeddable":true,"href":"https:\/\/zlatesperky-rb.cz\/index.php?rest_route=%2Fwp%2Fv2%2Fproduct_cat&post=1424"},{"taxonomy":"product_tag","embeddable":true,"href":"https:\/\/zlatesperky-rb.cz\/index.php?rest_route=%2Fwp%2Fv2%2Fproduct_tag&post=1424"}],"curies":[{"name":"wp","href":"https:\/\/api.w.org\/{rel}","templated":true}]}}