{"id":144,"date":"2021-07-13T20:51:42","date_gmt":"2021-07-13T20:51:42","guid":{"rendered":"http:\/\/www.zlatesperkyrb.cz.uvirt111.active24.cz\/?post_type=product&#038;p=144"},"modified":"2021-09-01T18:36:20","modified_gmt":"2021-09-01T18:36:20","slug":"perlove-nausnice","status":"publish","type":"product","link":"https:\/\/zlatesperky-rb.cz\/?product=perlove-nausnice","title":{"rendered":"Perlov\u00e9 n\u00e1u\u0161nice"},"content":{"rendered":"<p>Zlat\u00e9 nausni\u010dky s p\u0159\u00edrodn\u00ed perlou jezern\u00ed<\/p>\n<p>Nau\u0161nice jsou ru\u010dn\u011b vyr\u00e1b\u011bn\u00e9 perly jsou lehce tonovan\u00e9 do barvy merunky.<\/p>\n","protected":false},"excerpt":{"rendered":"<ul>\n<li>v\u00e1ha 1,45 g<\/li>\n<li>velikost perly 8,5 mm<\/li>\n<li>velikost nau\u0161nice 16 mm<\/li>\n<li>nau\u0161nice m\u00e1 patentov\u00e9 zap\u00ednan\u00ed<\/li>\n<\/ul>\n","protected":false},"featured_media":97,"template":"","meta":[],"product_cat":[22],"product_tag":[],"_links":{"self":[{"href":"https:\/\/zlatesperky-rb.cz\/index.php?rest_route=\/wp\/v2\/product\/144"}],"collection":[{"href":"https:\/\/zlatesperky-rb.cz\/index.php?rest_route=\/wp\/v2\/product"}],"about":[{"href":"https:\/\/zlatesperky-rb.cz\/index.php?rest_route=\/wp\/v2\/types\/product"}],"wp:featuredmedia":[{"embeddable":true,"href":"https:\/\/zlatesperky-rb.cz\/index.php?rest_route=\/wp\/v2\/media\/97"}],"wp:attachment":[{"href":"https:\/\/zlatesperky-rb.cz\/index.php?rest_route=%2Fwp%2Fv2%2Fmedia&parent=144"}],"wp:term":[{"taxonomy":"product_cat","embeddable":true,"href":"https:\/\/zlatesperky-rb.cz\/index.php?rest_route=%2Fwp%2Fv2%2Fproduct_cat&post=144"},{"taxonomy":"product_tag","embeddable":true,"href":"https:\/\/zlatesperky-rb.cz\/index.php?rest_route=%2Fwp%2Fv2%2Fproduct_tag&post=144"}],"curies":[{"name":"wp","href":"https:\/\/api.w.org\/{rel}","templated":true}]}}