{"id":1471,"date":"2021-10-06T22:43:15","date_gmt":"2021-10-06T22:43:15","guid":{"rendered":"http:\/\/www.zlatesperkyrb.cz.uvirt111.active24.cz\/?post_type=product&#038;p=1471"},"modified":"2021-10-11T12:03:24","modified_gmt":"2021-10-11T12:03:24","slug":"prsten-36","status":"publish","type":"product","link":"https:\/\/zlatesperky-rb.cz\/?product=prsten-36","title":{"rendered":"Prsten"},"content":{"rendered":"<p>Prsten srd\u00ed\u010dko je ru\u010dn\u011b vyroben ze 14 kr b\u00edl\u00e9ho zlata.<\/p>\n<p>Prsten lze vyrobit t\u00e9\u017e ve \u017elut\u00e9m nebo \u010derven\u00e9m zlat\u011b.<\/p>\n","protected":false},"excerpt":{"rendered":"<ul>\n<li>v\u00e1ha prstenu 1,30 g \/14kr \/<\/li>\n<li>velikost prstenu 50<\/li>\n<li>velikost srd\u00ed\u010dka 12 x 12 mm<\/li>\n<\/ul>\n","protected":false},"featured_media":344,"template":"","meta":[],"product_cat":[20,26],"product_tag":[],"_links":{"self":[{"href":"https:\/\/zlatesperky-rb.cz\/index.php?rest_route=\/wp\/v2\/product\/1471"}],"collection":[{"href":"https:\/\/zlatesperky-rb.cz\/index.php?rest_route=\/wp\/v2\/product"}],"about":[{"href":"https:\/\/zlatesperky-rb.cz\/index.php?rest_route=\/wp\/v2\/types\/product"}],"wp:featuredmedia":[{"embeddable":true,"href":"https:\/\/zlatesperky-rb.cz\/index.php?rest_route=\/wp\/v2\/media\/344"}],"wp:attachment":[{"href":"https:\/\/zlatesperky-rb.cz\/index.php?rest_route=%2Fwp%2Fv2%2Fmedia&parent=1471"}],"wp:term":[{"taxonomy":"product_cat","embeddable":true,"href":"https:\/\/zlatesperky-rb.cz\/index.php?rest_route=%2Fwp%2Fv2%2Fproduct_cat&post=1471"},{"taxonomy":"product_tag","embeddable":true,"href":"https:\/\/zlatesperky-rb.cz\/index.php?rest_route=%2Fwp%2Fv2%2Fproduct_tag&post=1471"}],"curies":[{"name":"wp","href":"https:\/\/api.w.org\/{rel}","templated":true}]}}