{"id":1474,"date":"2021-10-06T22:56:10","date_gmt":"2021-10-06T22:56:10","guid":{"rendered":"http:\/\/www.zlatesperkyrb.cz.uvirt111.active24.cz\/?post_type=product&#038;p=1474"},"modified":"2021-10-11T11:51:14","modified_gmt":"2021-10-11T11:51:14","slug":"prsten-37","status":"publish","type":"product","link":"https:\/\/zlatesperky-rb.cz\/?product=prsten-37","title":{"rendered":"Prsten"},"content":{"rendered":"<p>Prsten s b\u00edl\u00fdm zirkonem ru\u010dn\u011b vyroben ze 14 kr b\u00edl\u00e9ho zlata, zirkon je ru\u010dn\u011b vsazen do \u0161atonu, je to klasick\u00fd z\u00e1snubn\u00ed prsten.<\/p>\n<p>Prsten lze vyrobit i ve \u017elut\u00e9m zlat\u011b s p\u0159\u00edrodn\u00edmi drahokamy nebo polodrahokamy.<\/p>\n","protected":false},"excerpt":{"rendered":"<ul>\n<li>v\u00e1ha prstenu 2,05 g \/ 14 kr zlata\/<\/li>\n<li>velikost prstenu 59<\/li>\n<li>velikost zirkonu 5 mm<\/li>\n<\/ul>\n","protected":false},"featured_media":350,"template":"","meta":[],"product_cat":[20,27],"product_tag":[],"_links":{"self":[{"href":"https:\/\/zlatesperky-rb.cz\/index.php?rest_route=\/wp\/v2\/product\/1474"}],"collection":[{"href":"https:\/\/zlatesperky-rb.cz\/index.php?rest_route=\/wp\/v2\/product"}],"about":[{"href":"https:\/\/zlatesperky-rb.cz\/index.php?rest_route=\/wp\/v2\/types\/product"}],"wp:featuredmedia":[{"embeddable":true,"href":"https:\/\/zlatesperky-rb.cz\/index.php?rest_route=\/wp\/v2\/media\/350"}],"wp:attachment":[{"href":"https:\/\/zlatesperky-rb.cz\/index.php?rest_route=%2Fwp%2Fv2%2Fmedia&parent=1474"}],"wp:term":[{"taxonomy":"product_cat","embeddable":true,"href":"https:\/\/zlatesperky-rb.cz\/index.php?rest_route=%2Fwp%2Fv2%2Fproduct_cat&post=1474"},{"taxonomy":"product_tag","embeddable":true,"href":"https:\/\/zlatesperky-rb.cz\/index.php?rest_route=%2Fwp%2Fv2%2Fproduct_tag&post=1474"}],"curies":[{"name":"wp","href":"https:\/\/api.w.org\/{rel}","templated":true}]}}