{"id":1475,"date":"2021-10-06T23:13:41","date_gmt":"2021-10-06T23:13:41","guid":{"rendered":"http:\/\/www.zlatesperkyrb.cz.uvirt111.active24.cz\/?post_type=product&#038;p=1475"},"modified":"2021-10-11T11:12:39","modified_gmt":"2021-10-11T11:12:39","slug":"prsten-38","status":"publish","type":"product","link":"https:\/\/zlatesperky-rb.cz\/?product=prsten-38","title":{"rendered":"Prsten"},"content":{"rendered":"<p>Prsten je ru\u010dn\u011b vyroben ze 14 kr b\u00edl\u00e9ho zlata zdoben synt. rub\u00ednem,kter\u00fd je vsazen do \u0161ato&#8217;nu se \u0161esti krapny.<\/p>\n<p>Prsten lze vyrobit i ze \u017elut\u00e9ho zlata s b\u00edl\u00fdm,modr\u00fdm, fialov\u00fdm \u010di \u017elut\u00fdm kamenem.<\/p>\n","protected":false},"excerpt":{"rendered":"<ul>\n<li>v\u00e1ha prstenu 2,44 g \/14 kr \/<\/li>\n<li>velikost prstenu 55<\/li>\n<li>velikost kamene 6 mm<\/li>\n<li><\/li>\n<\/ul>\n","protected":false},"featured_media":353,"template":"","meta":[],"product_cat":[20,27],"product_tag":[],"_links":{"self":[{"href":"https:\/\/zlatesperky-rb.cz\/index.php?rest_route=\/wp\/v2\/product\/1475"}],"collection":[{"href":"https:\/\/zlatesperky-rb.cz\/index.php?rest_route=\/wp\/v2\/product"}],"about":[{"href":"https:\/\/zlatesperky-rb.cz\/index.php?rest_route=\/wp\/v2\/types\/product"}],"wp:featuredmedia":[{"embeddable":true,"href":"https:\/\/zlatesperky-rb.cz\/index.php?rest_route=\/wp\/v2\/media\/353"}],"wp:attachment":[{"href":"https:\/\/zlatesperky-rb.cz\/index.php?rest_route=%2Fwp%2Fv2%2Fmedia&parent=1475"}],"wp:term":[{"taxonomy":"product_cat","embeddable":true,"href":"https:\/\/zlatesperky-rb.cz\/index.php?rest_route=%2Fwp%2Fv2%2Fproduct_cat&post=1475"},{"taxonomy":"product_tag","embeddable":true,"href":"https:\/\/zlatesperky-rb.cz\/index.php?rest_route=%2Fwp%2Fv2%2Fproduct_tag&post=1475"}],"curies":[{"name":"wp","href":"https:\/\/api.w.org\/{rel}","templated":true}]}}