{"id":1486,"date":"2021-10-06T23:31:34","date_gmt":"2021-10-06T23:31:34","guid":{"rendered":"http:\/\/www.zlatesperkyrb.cz.uvirt111.active24.cz\/?post_type=product&#038;p=1486"},"modified":"2021-10-11T10:42:29","modified_gmt":"2021-10-11T10:42:29","slug":"prsten-40","status":"publish","type":"product","link":"https:\/\/zlatesperky-rb.cz\/?product=prsten-40","title":{"rendered":"Prsten"},"content":{"rendered":"<p>Prsten ru\u010dn\u011b vyroben ze 14 kr\u00a0 \u017elut\u00e9ho a b\u00edl\u00e9ho zlata a do b\u00edl\u00e9ho jsou ru\u010dn\u011b\u00a0 vsazovan\u00e9\u00a0 b\u00edl\u00e9 zirkony.<\/p>\n","protected":false},"excerpt":{"rendered":"<ul>\n<li>v\u00e1ha prstenu 2,6 g \/14 kr \/<\/li>\n<li>velikost prstenu 56<\/li>\n<li>po\u010det zirkonu 5<\/li>\n<\/ul>\n","protected":false},"featured_media":359,"template":"","meta":[],"product_cat":[20,27],"product_tag":[],"_links":{"self":[{"href":"https:\/\/zlatesperky-rb.cz\/index.php?rest_route=\/wp\/v2\/product\/1486"}],"collection":[{"href":"https:\/\/zlatesperky-rb.cz\/index.php?rest_route=\/wp\/v2\/product"}],"about":[{"href":"https:\/\/zlatesperky-rb.cz\/index.php?rest_route=\/wp\/v2\/types\/product"}],"wp:featuredmedia":[{"embeddable":true,"href":"https:\/\/zlatesperky-rb.cz\/index.php?rest_route=\/wp\/v2\/media\/359"}],"wp:attachment":[{"href":"https:\/\/zlatesperky-rb.cz\/index.php?rest_route=%2Fwp%2Fv2%2Fmedia&parent=1486"}],"wp:term":[{"taxonomy":"product_cat","embeddable":true,"href":"https:\/\/zlatesperky-rb.cz\/index.php?rest_route=%2Fwp%2Fv2%2Fproduct_cat&post=1486"},{"taxonomy":"product_tag","embeddable":true,"href":"https:\/\/zlatesperky-rb.cz\/index.php?rest_route=%2Fwp%2Fv2%2Fproduct_tag&post=1486"}],"curies":[{"name":"wp","href":"https:\/\/api.w.org\/{rel}","templated":true}]}}