{"id":1508,"date":"2021-10-07T15:38:59","date_gmt":"2021-10-07T15:38:59","guid":{"rendered":"http:\/\/www.zlatesperkyrb.cz.uvirt111.active24.cz\/?post_type=product&#038;p=1508"},"modified":"2021-10-11T10:30:17","modified_gmt":"2021-10-11T10:30:17","slug":"prsten-42","status":"publish","type":"product","link":"https:\/\/zlatesperky-rb.cz\/?product=prsten-42","title":{"rendered":"Prsten"},"content":{"rendered":"<p>Prsten perlov\u00fd ru\u010dn\u00ed v\u00fdroba 14 kr\u00a0 s mo\u0159skou\u00a0 b\u00edlou perlou . Obrou\u010dka je masiv , perla sed\u00ed v misce na \u0161tyftu.<\/p>\n<p>Prsten lze vyrobit i ze \u017elut\u00e9ho zlata nebo r\u00fa\u017eov\u00e9ho zlata v\u017edy 14 kr a perlu lze vsadit \u010dernou mo\u0159skou nebo b\u00edlou mo\u0159skou nebo zlatou SSP.<\/p>\n<p>Perlov\u00fd prsten lze t\u00e9\u017e vyrobit se sladkovodn\u00ed perlou jezern\u00ed,kde by cena byla ni\u017e\u0161\u00ed.<\/p>\n","protected":false},"excerpt":{"rendered":"<ul>\n<li>v\u00e1ha prstenu 5,8 g \/14 kr \/<\/li>\n<li>velikost prstenu 56<\/li>\n<li>velikost perly 9 mm<\/li>\n<li>perla mo\u0159sk\u00e1 b\u00edl\u00e1 A<\/li>\n<li>cena 20 000 k\u010d &#8211; 28000 k\u010d<\/li>\n<\/ul>\n","protected":false},"featured_media":818,"template":"","meta":[],"product_cat":[20,27],"product_tag":[],"_links":{"self":[{"href":"https:\/\/zlatesperky-rb.cz\/index.php?rest_route=\/wp\/v2\/product\/1508"}],"collection":[{"href":"https:\/\/zlatesperky-rb.cz\/index.php?rest_route=\/wp\/v2\/product"}],"about":[{"href":"https:\/\/zlatesperky-rb.cz\/index.php?rest_route=\/wp\/v2\/types\/product"}],"wp:featuredmedia":[{"embeddable":true,"href":"https:\/\/zlatesperky-rb.cz\/index.php?rest_route=\/wp\/v2\/media\/818"}],"wp:attachment":[{"href":"https:\/\/zlatesperky-rb.cz\/index.php?rest_route=%2Fwp%2Fv2%2Fmedia&parent=1508"}],"wp:term":[{"taxonomy":"product_cat","embeddable":true,"href":"https:\/\/zlatesperky-rb.cz\/index.php?rest_route=%2Fwp%2Fv2%2Fproduct_cat&post=1508"},{"taxonomy":"product_tag","embeddable":true,"href":"https:\/\/zlatesperky-rb.cz\/index.php?rest_route=%2Fwp%2Fv2%2Fproduct_tag&post=1508"}],"curies":[{"name":"wp","href":"https:\/\/api.w.org\/{rel}","templated":true}]}}