{"id":1510,"date":"2021-10-07T15:41:52","date_gmt":"2021-10-07T15:41:52","guid":{"rendered":"http:\/\/www.zlatesperkyrb.cz.uvirt111.active24.cz\/?post_type=product&#038;p=1510"},"modified":"2021-11-27T06:40:27","modified_gmt":"2021-11-27T06:40:27","slug":"prsten-43","status":"publish","type":"product","link":"https:\/\/zlatesperky-rb.cz\/?product=prsten-43","title":{"rendered":"Prsten"},"content":{"rendered":"<p>Prsten s perlou je ru\u010dn\u00ed vyroben ze 14 kr \u017elut\u00e9ho zlata.<\/p>\n<p>Perlov\u00fd prsten je origin\u00e1l vyroben pouze jeden kus dle tvaru perly.<\/p>\n<p>&nbsp;<\/p>\n","protected":false},"excerpt":{"rendered":"<p>Modelov\u00fd \u0161perk<\/p>\n<ul>\n<li>v\u00e1ha prstenu 7,5 g \/14 kr \/<\/li>\n<li>velikost prstenu 55<\/li>\n<li>\u0161\u00ed\u0159e prstenu 24 mm<\/li>\n<li>velikost perly v prstenu 17 x 14 mm<\/li>\n<li>barva perly v prstenu sv\u011btle duhov\u00e1<\/li>\n<li>perla je sladkovodn\u00ed\u00a0 \/Ke\u0161u\/<\/li>\n<\/ul>\n","protected":false},"featured_media":753,"template":"","meta":[],"product_cat":[40,20,27],"product_tag":[],"_links":{"self":[{"href":"https:\/\/zlatesperky-rb.cz\/index.php?rest_route=\/wp\/v2\/product\/1510"}],"collection":[{"href":"https:\/\/zlatesperky-rb.cz\/index.php?rest_route=\/wp\/v2\/product"}],"about":[{"href":"https:\/\/zlatesperky-rb.cz\/index.php?rest_route=\/wp\/v2\/types\/product"}],"wp:featuredmedia":[{"embeddable":true,"href":"https:\/\/zlatesperky-rb.cz\/index.php?rest_route=\/wp\/v2\/media\/753"}],"wp:attachment":[{"href":"https:\/\/zlatesperky-rb.cz\/index.php?rest_route=%2Fwp%2Fv2%2Fmedia&parent=1510"}],"wp:term":[{"taxonomy":"product_cat","embeddable":true,"href":"https:\/\/zlatesperky-rb.cz\/index.php?rest_route=%2Fwp%2Fv2%2Fproduct_cat&post=1510"},{"taxonomy":"product_tag","embeddable":true,"href":"https:\/\/zlatesperky-rb.cz\/index.php?rest_route=%2Fwp%2Fv2%2Fproduct_tag&post=1510"}],"curies":[{"name":"wp","href":"https:\/\/api.w.org\/{rel}","templated":true}]}}