{"id":1513,"date":"2021-10-07T15:49:41","date_gmt":"2021-10-07T15:49:41","guid":{"rendered":"http:\/\/www.zlatesperkyrb.cz.uvirt111.active24.cz\/?post_type=product&#038;p=1513"},"modified":"2021-11-23T12:24:04","modified_gmt":"2021-11-23T12:24:04","slug":"privesek-4","status":"publish","type":"product","link":"https:\/\/zlatesperky-rb.cz\/?product=privesek-4","title":{"rendered":"P\u0159\u00edv\u011bsek"},"content":{"rendered":"<p>P\u0159\u00edv\u011bsek\u00a0 zlat\u00e1 diamantov\u00e1 hv\u011bzda vyrobena ru\u010dn\u011b ze 14 kr b\u00edl\u00e9ho zlata. Diamanty do z\u00e1v\u011bsu jsou ru\u010dn\u011b fasovan\u00e9. P\u0159\u00edv\u011bsek je original vyroben pouze jeden kus. Cena p\u0159\u00edv\u011bsku je bez \u0159et\u00edzku.<\/p>\n","protected":false},"excerpt":{"rendered":"<p>Zak\u00e1zkov\u00e1 v\u00fdroba<\/p>\n<ul>\n<li>v\u00e1ha p\u0159\u00edv\u011bsku 3,9g \/14 kr \/<\/li>\n<li>velikost p\u0159\u00edv\u011bsku 32 mm<\/li>\n<li>v\u00e1ha diamantu 0,33 ct<\/li>\n<li>kvalita a po\u010det diamantu 24 ks ,Si1 H<\/li>\n<\/ul>\n","protected":false},"featured_media":561,"template":"","meta":[],"product_cat":[23],"product_tag":[],"_links":{"self":[{"href":"https:\/\/zlatesperky-rb.cz\/index.php?rest_route=\/wp\/v2\/product\/1513"}],"collection":[{"href":"https:\/\/zlatesperky-rb.cz\/index.php?rest_route=\/wp\/v2\/product"}],"about":[{"href":"https:\/\/zlatesperky-rb.cz\/index.php?rest_route=\/wp\/v2\/types\/product"}],"wp:featuredmedia":[{"embeddable":true,"href":"https:\/\/zlatesperky-rb.cz\/index.php?rest_route=\/wp\/v2\/media\/561"}],"wp:attachment":[{"href":"https:\/\/zlatesperky-rb.cz\/index.php?rest_route=%2Fwp%2Fv2%2Fmedia&parent=1513"}],"wp:term":[{"taxonomy":"product_cat","embeddable":true,"href":"https:\/\/zlatesperky-rb.cz\/index.php?rest_route=%2Fwp%2Fv2%2Fproduct_cat&post=1513"},{"taxonomy":"product_tag","embeddable":true,"href":"https:\/\/zlatesperky-rb.cz\/index.php?rest_route=%2Fwp%2Fv2%2Fproduct_tag&post=1513"}],"curies":[{"name":"wp","href":"https:\/\/api.w.org\/{rel}","templated":true}]}}