{"id":1514,"date":"2021-10-07T16:03:23","date_gmt":"2021-10-07T16:03:23","guid":{"rendered":"http:\/\/www.zlatesperkyrb.cz.uvirt111.active24.cz\/?post_type=product&#038;p=1514"},"modified":"2021-10-11T08:25:50","modified_gmt":"2021-10-11T08:25:50","slug":"nausnice-27","status":"publish","type":"product","link":"https:\/\/zlatesperky-rb.cz\/?product=nausnice-27","title":{"rendered":"N\u00e1u\u0161nice"},"content":{"rendered":"<p>Zlat\u00e9 n\u00e1u\u0161nice kruhy vyroben\u00e9 ru\u010dn\u011b z b\u00edl\u00e9ho 14 kr zlata mo\u017eno vyrobit i ze \u017elut\u00e9ho 14 kr zlata.<\/p>\n","protected":false},"excerpt":{"rendered":"<ul>\n<li>v\u00e1ha n\u00e1u\u0161nic 2,53 g \/14 kr\/<\/li>\n<li>pr\u016fm\u011br n\u00e1u\u0161nice 26 mm<\/li>\n<li>s\u00edla n\u00e1u\u0161nic 2 mm<\/li>\n<\/ul>\n","protected":false},"featured_media":426,"template":"","meta":[],"product_cat":[22,28],"product_tag":[],"_links":{"self":[{"href":"https:\/\/zlatesperky-rb.cz\/index.php?rest_route=\/wp\/v2\/product\/1514"}],"collection":[{"href":"https:\/\/zlatesperky-rb.cz\/index.php?rest_route=\/wp\/v2\/product"}],"about":[{"href":"https:\/\/zlatesperky-rb.cz\/index.php?rest_route=\/wp\/v2\/types\/product"}],"wp:featuredmedia":[{"embeddable":true,"href":"https:\/\/zlatesperky-rb.cz\/index.php?rest_route=\/wp\/v2\/media\/426"}],"wp:attachment":[{"href":"https:\/\/zlatesperky-rb.cz\/index.php?rest_route=%2Fwp%2Fv2%2Fmedia&parent=1514"}],"wp:term":[{"taxonomy":"product_cat","embeddable":true,"href":"https:\/\/zlatesperky-rb.cz\/index.php?rest_route=%2Fwp%2Fv2%2Fproduct_cat&post=1514"},{"taxonomy":"product_tag","embeddable":true,"href":"https:\/\/zlatesperky-rb.cz\/index.php?rest_route=%2Fwp%2Fv2%2Fproduct_tag&post=1514"}],"curies":[{"name":"wp","href":"https:\/\/api.w.org\/{rel}","templated":true}]}}