{"id":1533,"date":"2021-10-11T21:21:20","date_gmt":"2021-10-11T21:21:20","guid":{"rendered":"http:\/\/www.zlatesperkyrb.cz.uvirt111.active24.cz\/?post_type=product&#038;p=1533"},"modified":"2021-10-26T16:14:46","modified_gmt":"2021-10-26T16:14:46","slug":"nausnice-28","status":"publish","type":"product","link":"https:\/\/zlatesperky-rb.cz\/?product=nausnice-28","title":{"rendered":"N\u00e1u\u0161nice"},"content":{"rendered":"<p>Zlat\u00e9 n\u00e1u\u0161nice kruhy jsou ru\u010dn\u011b vyroben\u00e9 ze 14 kr \u017elut\u00e9ho zlata. Zlat\u00e9 kruhy lze vyrobit i o v\u011bt\u0161\u00edm pr\u016fm\u011bru 30 a\u017e 40mm.<\/p>\n","protected":false},"excerpt":{"rendered":"<ul>\n<li>v\u00e1ha n\u00e1u\u0161nic 1,65 g \/ 14 kr \/<\/li>\n<li>pr\u016fm\u011br n\u00e1u\u0161nice 16,8 mm<\/li>\n<li>s\u00edla kruhu 2,2 mm<\/li>\n<\/ul>\n","protected":false},"featured_media":414,"template":"","meta":[],"product_cat":[22,28],"product_tag":[],"_links":{"self":[{"href":"https:\/\/zlatesperky-rb.cz\/index.php?rest_route=\/wp\/v2\/product\/1533"}],"collection":[{"href":"https:\/\/zlatesperky-rb.cz\/index.php?rest_route=\/wp\/v2\/product"}],"about":[{"href":"https:\/\/zlatesperky-rb.cz\/index.php?rest_route=\/wp\/v2\/types\/product"}],"wp:featuredmedia":[{"embeddable":true,"href":"https:\/\/zlatesperky-rb.cz\/index.php?rest_route=\/wp\/v2\/media\/414"}],"wp:attachment":[{"href":"https:\/\/zlatesperky-rb.cz\/index.php?rest_route=%2Fwp%2Fv2%2Fmedia&parent=1533"}],"wp:term":[{"taxonomy":"product_cat","embeddable":true,"href":"https:\/\/zlatesperky-rb.cz\/index.php?rest_route=%2Fwp%2Fv2%2Fproduct_cat&post=1533"},{"taxonomy":"product_tag","embeddable":true,"href":"https:\/\/zlatesperky-rb.cz\/index.php?rest_route=%2Fwp%2Fv2%2Fproduct_tag&post=1533"}],"curies":[{"name":"wp","href":"https:\/\/api.w.org\/{rel}","templated":true}]}}