{"id":1538,"date":"2021-10-12T18:54:47","date_gmt":"2021-10-12T18:54:47","guid":{"rendered":"http:\/\/www.zlatesperkyrb.cz.uvirt111.active24.cz\/?post_type=product&#038;p=1538"},"modified":"2021-10-26T16:02:28","modified_gmt":"2021-10-26T16:02:28","slug":"nausnice-30","status":"publish","type":"product","link":"https:\/\/zlatesperky-rb.cz\/?product=nausnice-30","title":{"rendered":"N\u00e1u\u0161nice"},"content":{"rendered":"<p>Zlat\u00e9 kruhy jsou ru\u010dn\u011b vyroben\u00e9 ze 14 kr\u00a0 \u017elut\u00e9ho zlata, lze vyrobit v men\u0161\u00ed pr\u016fm\u011br a\u00a0 s\u00edla n\u00e1u\u0161nic m\u016f\u017ee b\u00fdt a\u017e 2 mm.<\/p>\n<p>Kruhy lze vyrobit i v b\u00edl\u00e9m zlat\u011b 14 kr.<\/p>\n","protected":false},"excerpt":{"rendered":"<ul>\n<li>v\u00e1ha n\u00e1u\u0161nic\u00a0 kruhy 2,70 g \/ 14 kr \/<\/li>\n<li>velikost pr\u016fm\u011br 4 cm<\/li>\n<li>s\u00edla 1,5 mm<\/li>\n<\/ul>\n","protected":false},"featured_media":412,"template":"","meta":[],"product_cat":[22,28],"product_tag":[],"_links":{"self":[{"href":"https:\/\/zlatesperky-rb.cz\/index.php?rest_route=\/wp\/v2\/product\/1538"}],"collection":[{"href":"https:\/\/zlatesperky-rb.cz\/index.php?rest_route=\/wp\/v2\/product"}],"about":[{"href":"https:\/\/zlatesperky-rb.cz\/index.php?rest_route=\/wp\/v2\/types\/product"}],"wp:featuredmedia":[{"embeddable":true,"href":"https:\/\/zlatesperky-rb.cz\/index.php?rest_route=\/wp\/v2\/media\/412"}],"wp:attachment":[{"href":"https:\/\/zlatesperky-rb.cz\/index.php?rest_route=%2Fwp%2Fv2%2Fmedia&parent=1538"}],"wp:term":[{"taxonomy":"product_cat","embeddable":true,"href":"https:\/\/zlatesperky-rb.cz\/index.php?rest_route=%2Fwp%2Fv2%2Fproduct_cat&post=1538"},{"taxonomy":"product_tag","embeddable":true,"href":"https:\/\/zlatesperky-rb.cz\/index.php?rest_route=%2Fwp%2Fv2%2Fproduct_tag&post=1538"}],"curies":[{"name":"wp","href":"https:\/\/api.w.org\/{rel}","templated":true}]}}