{"id":1544,"date":"2021-10-12T20:42:37","date_gmt":"2021-10-12T20:42:37","guid":{"rendered":"http:\/\/www.zlatesperkyrb.cz.uvirt111.active24.cz\/?post_type=product&#038;p=1544"},"modified":"2021-10-26T15:37:20","modified_gmt":"2021-10-26T15:37:20","slug":"prsten-45","status":"publish","type":"product","link":"https:\/\/zlatesperky-rb.cz\/?product=prsten-45","title":{"rendered":"Prsten"},"content":{"rendered":"<p>Zlat\u00fd prsten ru\u010dn\u011b vyroben z 14 kr zlata zdoben b\u00edl\u00fdm kamenem, kter\u00fd je do prstenu ru\u010dn\u011b vsazen.<\/p>\n<p>Prsten lze vyrobit na zak\u00e1zku\u00a0 z b\u00edl\u00e9ho nebo r\u016f\u017eov\u00e9ho zlata 14 kr\u00a0 a dozdobit barevn\u00fdm kamenem (modr\u00fd , \u010derven\u00fd,zelen\u00fd,fialov\u00fd nebo \u017elut\u00fd)<\/p>\n<p>Prsten je mo\u017en\u00e9 vyrobit i s p\u0159\u00edrodn\u00edm kamenem.<\/p>\n","protected":false},"excerpt":{"rendered":"<ul>\n<li>v\u00e1ha prstenu 2,35 g \/14 kr \/<\/li>\n<li>velikost kamene 4 mm<\/li>\n<\/ul>\n","protected":false},"featured_media":1545,"template":"","meta":[],"product_cat":[20,27],"product_tag":[],"_links":{"self":[{"href":"https:\/\/zlatesperky-rb.cz\/index.php?rest_route=\/wp\/v2\/product\/1544"}],"collection":[{"href":"https:\/\/zlatesperky-rb.cz\/index.php?rest_route=\/wp\/v2\/product"}],"about":[{"href":"https:\/\/zlatesperky-rb.cz\/index.php?rest_route=\/wp\/v2\/types\/product"}],"wp:featuredmedia":[{"embeddable":true,"href":"https:\/\/zlatesperky-rb.cz\/index.php?rest_route=\/wp\/v2\/media\/1545"}],"wp:attachment":[{"href":"https:\/\/zlatesperky-rb.cz\/index.php?rest_route=%2Fwp%2Fv2%2Fmedia&parent=1544"}],"wp:term":[{"taxonomy":"product_cat","embeddable":true,"href":"https:\/\/zlatesperky-rb.cz\/index.php?rest_route=%2Fwp%2Fv2%2Fproduct_cat&post=1544"},{"taxonomy":"product_tag","embeddable":true,"href":"https:\/\/zlatesperky-rb.cz\/index.php?rest_route=%2Fwp%2Fv2%2Fproduct_tag&post=1544"}],"curies":[{"name":"wp","href":"https:\/\/api.w.org\/{rel}","templated":true}]}}