{"id":1548,"date":"2021-10-12T20:50:02","date_gmt":"2021-10-12T20:50:02","guid":{"rendered":"http:\/\/www.zlatesperkyrb.cz.uvirt111.active24.cz\/?post_type=product&#038;p=1548"},"modified":"2021-10-26T15:20:34","modified_gmt":"2021-10-26T15:20:34","slug":"prsten-46","status":"publish","type":"product","link":"https:\/\/zlatesperky-rb.cz\/?product=prsten-46","title":{"rendered":"Prsten"},"content":{"rendered":"<p style=\"text-align: left;\">Zlat\u00fd prsten vyroben ru\u010dn\u011b ze 14 kr zlata s b\u00edl\u00fdm\u00a0 zirkonem ru\u010dn\u011b usazen v prstenu. Prsten lze vyrobit i z b\u00edl\u00e9ho zlata nebo r\u016f\u017eov\u00e9ho zlata 14 kr a vsadit lze kamen i jin\u00e9 barvy (modr\u00fd,zelen\u00fd, r\u016f\u017eov\u00fd,fialov\u00fd&#8230;..)<\/p>\n<p>Prsten lze vyrobit na zak\u00e1zku i s p\u0159\u00edrodn\u00edmi kameny.<\/p>\n","protected":false},"excerpt":{"rendered":"<ul>\n<li>v\u00e1ha prstenu 2,9\u00a0 g \/14 kr \/<\/li>\n<li>velikost kamene 6 mm<\/li>\n<\/ul>\n","protected":false},"featured_media":248,"template":"","meta":[],"product_cat":[20,27],"product_tag":[],"_links":{"self":[{"href":"https:\/\/zlatesperky-rb.cz\/index.php?rest_route=\/wp\/v2\/product\/1548"}],"collection":[{"href":"https:\/\/zlatesperky-rb.cz\/index.php?rest_route=\/wp\/v2\/product"}],"about":[{"href":"https:\/\/zlatesperky-rb.cz\/index.php?rest_route=\/wp\/v2\/types\/product"}],"wp:featuredmedia":[{"embeddable":true,"href":"https:\/\/zlatesperky-rb.cz\/index.php?rest_route=\/wp\/v2\/media\/248"}],"wp:attachment":[{"href":"https:\/\/zlatesperky-rb.cz\/index.php?rest_route=%2Fwp%2Fv2%2Fmedia&parent=1548"}],"wp:term":[{"taxonomy":"product_cat","embeddable":true,"href":"https:\/\/zlatesperky-rb.cz\/index.php?rest_route=%2Fwp%2Fv2%2Fproduct_cat&post=1548"},{"taxonomy":"product_tag","embeddable":true,"href":"https:\/\/zlatesperky-rb.cz\/index.php?rest_route=%2Fwp%2Fv2%2Fproduct_tag&post=1548"}],"curies":[{"name":"wp","href":"https:\/\/api.w.org\/{rel}","templated":true}]}}