{"id":1588,"date":"2021-10-19T21:10:47","date_gmt":"2021-10-19T21:10:47","guid":{"rendered":"http:\/\/www.zlatesperkyrb.cz.uvirt111.active24.cz\/?post_type=product&#038;p=1588"},"modified":"2021-10-26T15:09:50","modified_gmt":"2021-10-26T15:09:50","slug":"retizek","status":"publish","type":"product","link":"https:\/\/zlatesperky-rb.cz\/?product=retizek","title":{"rendered":"\u0158et\u00edzek"},"content":{"rendered":"<p style=\"text-align: left;\">\u0158et\u00edzek vyroben ze 14 kr \u017elut\u00e9ho zlata. \u0158et\u00edzek\u00a0 je zdoben\u00fd desti\u010dkami a je velice l\u00edbiv\u00fd, k \u0159et\u00edzku je mo\u017en\u00e9 koupit i n\u00e1ramek.<\/p>\n","protected":false},"excerpt":{"rendered":"<ul>\n<li>v\u00e1ha \u0159et\u00edzku 5,2 g \/14 kr \/<\/li>\n<li>d\u00e9lka \u0159et\u00edzku 45 cm<\/li>\n<li>zap\u00ednan\u00ed karabinka 14 kr<\/li>\n<li>\u0161\u00ed\u0159e \u0159et\u00edzku 3,2 mm<\/li>\n<\/ul>\n","protected":false},"featured_media":1587,"template":"","meta":[],"product_cat":[34,32],"product_tag":[],"_links":{"self":[{"href":"https:\/\/zlatesperky-rb.cz\/index.php?rest_route=\/wp\/v2\/product\/1588"}],"collection":[{"href":"https:\/\/zlatesperky-rb.cz\/index.php?rest_route=\/wp\/v2\/product"}],"about":[{"href":"https:\/\/zlatesperky-rb.cz\/index.php?rest_route=\/wp\/v2\/types\/product"}],"wp:featuredmedia":[{"embeddable":true,"href":"https:\/\/zlatesperky-rb.cz\/index.php?rest_route=\/wp\/v2\/media\/1587"}],"wp:attachment":[{"href":"https:\/\/zlatesperky-rb.cz\/index.php?rest_route=%2Fwp%2Fv2%2Fmedia&parent=1588"}],"wp:term":[{"taxonomy":"product_cat","embeddable":true,"href":"https:\/\/zlatesperky-rb.cz\/index.php?rest_route=%2Fwp%2Fv2%2Fproduct_cat&post=1588"},{"taxonomy":"product_tag","embeddable":true,"href":"https:\/\/zlatesperky-rb.cz\/index.php?rest_route=%2Fwp%2Fv2%2Fproduct_tag&post=1588"}],"curies":[{"name":"wp","href":"https:\/\/api.w.org\/{rel}","templated":true}]}}