{"id":1591,"date":"2021-10-19T21:15:04","date_gmt":"2021-10-19T21:15:04","guid":{"rendered":"http:\/\/www.zlatesperkyrb.cz.uvirt111.active24.cz\/?post_type=product&#038;p=1591"},"modified":"2021-10-21T19:16:40","modified_gmt":"2021-10-21T19:16:40","slug":"retizek-3","status":"publish","type":"product","link":"https:\/\/zlatesperky-rb.cz\/?product=retizek-3","title":{"rendered":"\u0158et\u00edzek"},"content":{"rendered":"<p>D\u011btsk\u00fd zlat\u00fd \u0159et\u00edzek ze \u017elut\u00e9ho 14 kr zlata.<\/p>\n","protected":false},"excerpt":{"rendered":"<ul>\n<li>v\u00e1ha zlat\u00e9ho \u0159et\u00edzku 1,05 g \/14 kr \/<\/li>\n<li>d\u00e9lka 36 cm<\/li>\n<li>zap\u00edn\u00e1n\u00ed p\u00e9rov\u00fd krou\u017eek<\/li>\n<\/ul>\n","protected":false},"featured_media":1583,"template":"","meta":[],"product_cat":[34,32],"product_tag":[],"_links":{"self":[{"href":"https:\/\/zlatesperky-rb.cz\/index.php?rest_route=\/wp\/v2\/product\/1591"}],"collection":[{"href":"https:\/\/zlatesperky-rb.cz\/index.php?rest_route=\/wp\/v2\/product"}],"about":[{"href":"https:\/\/zlatesperky-rb.cz\/index.php?rest_route=\/wp\/v2\/types\/product"}],"wp:featuredmedia":[{"embeddable":true,"href":"https:\/\/zlatesperky-rb.cz\/index.php?rest_route=\/wp\/v2\/media\/1583"}],"wp:attachment":[{"href":"https:\/\/zlatesperky-rb.cz\/index.php?rest_route=%2Fwp%2Fv2%2Fmedia&parent=1591"}],"wp:term":[{"taxonomy":"product_cat","embeddable":true,"href":"https:\/\/zlatesperky-rb.cz\/index.php?rest_route=%2Fwp%2Fv2%2Fproduct_cat&post=1591"},{"taxonomy":"product_tag","embeddable":true,"href":"https:\/\/zlatesperky-rb.cz\/index.php?rest_route=%2Fwp%2Fv2%2Fproduct_tag&post=1591"}],"curies":[{"name":"wp","href":"https:\/\/api.w.org\/{rel}","templated":true}]}}