{"id":1594,"date":"2021-10-19T21:27:12","date_gmt":"2021-10-19T21:27:12","guid":{"rendered":"http:\/\/www.zlatesperkyrb.cz.uvirt111.active24.cz\/?post_type=product&#038;p=1594"},"modified":"2021-10-21T19:00:44","modified_gmt":"2021-10-21T19:00:44","slug":"retizek-6","status":"publish","type":"product","link":"https:\/\/zlatesperky-rb.cz\/?product=retizek-6","title":{"rendered":"\u0158et\u00edzek"},"content":{"rendered":"<p>Zlat\u00fd \u0159et\u00edzek ze 14 kr \u017elut\u00e9ho zlata tzn. &#8222;hr\u00e1\u0161ek&#8220; ,\u0159et\u00edzek je p\u0159\u00edv\u011bskov\u00fd.<\/p>\n","protected":false},"excerpt":{"rendered":"<ul>\n<li>v\u00e1ha \u0159et\u00edzku 5,65 g \/14 kr \/<\/li>\n<li>d\u00e9lka \u0159et\u00edzku 65 cm<\/li>\n<li>s\u00edla \u0159et\u00edzku 1,55 mm<\/li>\n<li>zap\u00edn\u00e1n\u00ed p\u00e9rov\u00fd krou\u017eek<\/li>\n<\/ul>\n","protected":false},"featured_media":1577,"template":"","meta":[],"product_cat":[34,32],"product_tag":[],"_links":{"self":[{"href":"https:\/\/zlatesperky-rb.cz\/index.php?rest_route=\/wp\/v2\/product\/1594"}],"collection":[{"href":"https:\/\/zlatesperky-rb.cz\/index.php?rest_route=\/wp\/v2\/product"}],"about":[{"href":"https:\/\/zlatesperky-rb.cz\/index.php?rest_route=\/wp\/v2\/types\/product"}],"wp:featuredmedia":[{"embeddable":true,"href":"https:\/\/zlatesperky-rb.cz\/index.php?rest_route=\/wp\/v2\/media\/1577"}],"wp:attachment":[{"href":"https:\/\/zlatesperky-rb.cz\/index.php?rest_route=%2Fwp%2Fv2%2Fmedia&parent=1594"}],"wp:term":[{"taxonomy":"product_cat","embeddable":true,"href":"https:\/\/zlatesperky-rb.cz\/index.php?rest_route=%2Fwp%2Fv2%2Fproduct_cat&post=1594"},{"taxonomy":"product_tag","embeddable":true,"href":"https:\/\/zlatesperky-rb.cz\/index.php?rest_route=%2Fwp%2Fv2%2Fproduct_tag&post=1594"}],"curies":[{"name":"wp","href":"https:\/\/api.w.org\/{rel}","templated":true}]}}