{"id":1595,"date":"2021-10-19T21:28:50","date_gmt":"2021-10-19T21:28:50","guid":{"rendered":"http:\/\/www.zlatesperkyrb.cz.uvirt111.active24.cz\/?post_type=product&#038;p=1595"},"modified":"2021-10-21T18:55:02","modified_gmt":"2021-10-21T18:55:02","slug":"retizek-7","status":"publish","type":"product","link":"https:\/\/zlatesperky-rb.cz\/?product=retizek-7","title":{"rendered":"\u0158et\u00edzek"},"content":{"rendered":"<p style=\"text-align: left;\">Zlat\u00fd \u0159et\u00edzek ze 14 kr \u017elut\u00e9ho zlata , \u0159et\u00edzek m\u00e1 elegantn\u00ed d\u00e9lku 80 cm, dle p\u0159\u00e1n\u00ed z\u00e1kazn\u00edka lze na zak\u00e1zku \u0159et\u00edzek zkr\u00e1tit na krat\u0161\u00ed d\u00e9lku s n\u00e1ramkem.<\/p>\n","protected":false},"excerpt":{"rendered":"<ul>\n<li>v\u00e1ha zlat\u00e9ho \u0159et\u00edzku 6,4 g \/14 kr \/<\/li>\n<li>d\u00e9lka \u0159et\u00edzku 80 cm<\/li>\n<li>\u0161\u00ed\u0159e \u0159et\u00edzku 2,6mm<\/li>\n<li>zap\u00edn\u00e1n\u00ed\u00a0 karabinka 14 kr<\/li>\n<\/ul>\n","protected":false},"featured_media":1575,"template":"","meta":[],"product_cat":[34,32],"product_tag":[],"_links":{"self":[{"href":"https:\/\/zlatesperky-rb.cz\/index.php?rest_route=\/wp\/v2\/product\/1595"}],"collection":[{"href":"https:\/\/zlatesperky-rb.cz\/index.php?rest_route=\/wp\/v2\/product"}],"about":[{"href":"https:\/\/zlatesperky-rb.cz\/index.php?rest_route=\/wp\/v2\/types\/product"}],"wp:featuredmedia":[{"embeddable":true,"href":"https:\/\/zlatesperky-rb.cz\/index.php?rest_route=\/wp\/v2\/media\/1575"}],"wp:attachment":[{"href":"https:\/\/zlatesperky-rb.cz\/index.php?rest_route=%2Fwp%2Fv2%2Fmedia&parent=1595"}],"wp:term":[{"taxonomy":"product_cat","embeddable":true,"href":"https:\/\/zlatesperky-rb.cz\/index.php?rest_route=%2Fwp%2Fv2%2Fproduct_cat&post=1595"},{"taxonomy":"product_tag","embeddable":true,"href":"https:\/\/zlatesperky-rb.cz\/index.php?rest_route=%2Fwp%2Fv2%2Fproduct_tag&post=1595"}],"curies":[{"name":"wp","href":"https:\/\/api.w.org\/{rel}","templated":true}]}}