{"id":1596,"date":"2021-10-19T21:30:38","date_gmt":"2021-10-19T21:30:38","guid":{"rendered":"http:\/\/www.zlatesperkyrb.cz.uvirt111.active24.cz\/?post_type=product&#038;p=1596"},"modified":"2021-11-23T12:20:55","modified_gmt":"2021-11-23T12:20:55","slug":"retizek-8","status":"publish","type":"product","link":"https:\/\/zlatesperky-rb.cz\/?product=retizek-8","title":{"rendered":"\u0158et\u00edzek"},"content":{"rendered":"<p style=\"text-align: left;\">Zlat\u00fd \u0159et\u00edzek ze \u017elut\u00e9ho 14 kr zlata tzn.dvojpancr.<\/p>\n<p>Zlat\u00fd \u0159et\u00edzek m\u00e1 d\u00e9lku 80 cm,kterou lze na zak\u00e1zku upravit na krat\u0161\u00ed \u0159et\u00edzek s n\u00e1ramkem.<\/p>\n<p>&nbsp;<\/p>\n","protected":false},"excerpt":{"rendered":"<ul>\n<li>v\u00e1ha zlat\u00e9ho \u0159et\u00edzku 11 g 14 kr<\/li>\n<li>d\u00e9lka \u0159et\u00edzku 80 cm<\/li>\n<li>\u0161\u00ed\u0159e \u0159et\u00edzku\u00a0 3,32 mm<\/li>\n<li>zap\u00edn\u00e1n\u00ed karabinka 14 kr<\/li>\n<\/ul>\n","protected":false},"featured_media":1573,"template":"","meta":[],"product_cat":[34,32],"product_tag":[],"_links":{"self":[{"href":"https:\/\/zlatesperky-rb.cz\/index.php?rest_route=\/wp\/v2\/product\/1596"}],"collection":[{"href":"https:\/\/zlatesperky-rb.cz\/index.php?rest_route=\/wp\/v2\/product"}],"about":[{"href":"https:\/\/zlatesperky-rb.cz\/index.php?rest_route=\/wp\/v2\/types\/product"}],"wp:featuredmedia":[{"embeddable":true,"href":"https:\/\/zlatesperky-rb.cz\/index.php?rest_route=\/wp\/v2\/media\/1573"}],"wp:attachment":[{"href":"https:\/\/zlatesperky-rb.cz\/index.php?rest_route=%2Fwp%2Fv2%2Fmedia&parent=1596"}],"wp:term":[{"taxonomy":"product_cat","embeddable":true,"href":"https:\/\/zlatesperky-rb.cz\/index.php?rest_route=%2Fwp%2Fv2%2Fproduct_cat&post=1596"},{"taxonomy":"product_tag","embeddable":true,"href":"https:\/\/zlatesperky-rb.cz\/index.php?rest_route=%2Fwp%2Fv2%2Fproduct_tag&post=1596"}],"curies":[{"name":"wp","href":"https:\/\/api.w.org\/{rel}","templated":true}]}}