{"id":1609,"date":"2021-10-20T07:28:18","date_gmt":"2021-10-20T07:28:18","guid":{"rendered":"http:\/\/www.zlatesperkyrb.cz.uvirt111.active24.cz\/?post_type=product&#038;p=1609"},"modified":"2021-11-23T12:13:46","modified_gmt":"2021-11-23T12:13:46","slug":"retizek-10","status":"publish","type":"product","link":"https:\/\/zlatesperky-rb.cz\/?product=retizek-10","title":{"rendered":"\u0158et\u00edzek"},"content":{"rendered":"<p>Zlat\u00fd \u0159et\u00edzek ze \u017elut\u00e9ho zlata 14 kr\u00a0 voln\u011b pospojovan\u00e9 ov\u00e1ln\u00e9 ou\u0161ka.<\/p>\n","protected":false},"excerpt":{"rendered":"<ul>\n<li>v\u00e1ha zlat\u00e9ho \u0159et\u00edzku 20,75 g \/14 kr\/ zlata<\/li>\n<li>d\u00e9lka \u0159et\u00edzku 65 cm<\/li>\n<li>velikost ou\u0161ek 7,5 x 5 mm<\/li>\n<li>zap\u00edn\u00e1n\u00ed p\u00e9rov\u00fd krou\u017eek<\/li>\n<\/ul>\n","protected":false},"featured_media":1569,"template":"","meta":[],"product_cat":[34,32],"product_tag":[],"_links":{"self":[{"href":"https:\/\/zlatesperky-rb.cz\/index.php?rest_route=\/wp\/v2\/product\/1609"}],"collection":[{"href":"https:\/\/zlatesperky-rb.cz\/index.php?rest_route=\/wp\/v2\/product"}],"about":[{"href":"https:\/\/zlatesperky-rb.cz\/index.php?rest_route=\/wp\/v2\/types\/product"}],"wp:featuredmedia":[{"embeddable":true,"href":"https:\/\/zlatesperky-rb.cz\/index.php?rest_route=\/wp\/v2\/media\/1569"}],"wp:attachment":[{"href":"https:\/\/zlatesperky-rb.cz\/index.php?rest_route=%2Fwp%2Fv2%2Fmedia&parent=1609"}],"wp:term":[{"taxonomy":"product_cat","embeddable":true,"href":"https:\/\/zlatesperky-rb.cz\/index.php?rest_route=%2Fwp%2Fv2%2Fproduct_cat&post=1609"},{"taxonomy":"product_tag","embeddable":true,"href":"https:\/\/zlatesperky-rb.cz\/index.php?rest_route=%2Fwp%2Fv2%2Fproduct_tag&post=1609"}],"curies":[{"name":"wp","href":"https:\/\/api.w.org\/{rel}","templated":true}]}}