{"id":1687,"date":"2021-10-21T15:52:26","date_gmt":"2021-10-21T15:52:26","guid":{"rendered":"http:\/\/www.zlatesperkyrb.cz.uvirt111.active24.cz\/?post_type=product&#038;p=1687"},"modified":"2026-03-15T12:31:55","modified_gmt":"2026-03-15T12:31:55","slug":"naramek-17","status":"publish","type":"product","link":"https:\/\/zlatesperky-rb.cz\/?product=naramek-17","title":{"rendered":"N\u00e1ramek"},"content":{"rendered":"<p>Zlat\u00fd \u0159et\u00edzek jemn\u00fd ze\u00a0 14 kr b\u00edl\u00e9ho zlata typ &#8222;pancr&#8220; s desti\u010dkami.<\/p>\n","protected":false},"excerpt":{"rendered":"<ul>\n<li>v\u00e1ha zlat\u00e9ho \u0159et\u00edzku 2,1g \/14 kr \/<\/li>\n<li>d\u00e9lka \u0159et\u00edzku 45 cm<\/li>\n<li>zap\u00edn\u00e1n\u00ed\u00a0 p\u00e9rov\u00fd krou\u017eek 14 kr<\/li>\n<\/ul>\n","protected":false},"featured_media":1619,"template":"","meta":[],"product_cat":[35,21],"product_tag":[],"_links":{"self":[{"href":"https:\/\/zlatesperky-rb.cz\/index.php?rest_route=\/wp\/v2\/product\/1687"}],"collection":[{"href":"https:\/\/zlatesperky-rb.cz\/index.php?rest_route=\/wp\/v2\/product"}],"about":[{"href":"https:\/\/zlatesperky-rb.cz\/index.php?rest_route=\/wp\/v2\/types\/product"}],"wp:featuredmedia":[{"embeddable":true,"href":"https:\/\/zlatesperky-rb.cz\/index.php?rest_route=\/wp\/v2\/media\/1619"}],"wp:attachment":[{"href":"https:\/\/zlatesperky-rb.cz\/index.php?rest_route=%2Fwp%2Fv2%2Fmedia&parent=1687"}],"wp:term":[{"taxonomy":"product_cat","embeddable":true,"href":"https:\/\/zlatesperky-rb.cz\/index.php?rest_route=%2Fwp%2Fv2%2Fproduct_cat&post=1687"},{"taxonomy":"product_tag","embeddable":true,"href":"https:\/\/zlatesperky-rb.cz\/index.php?rest_route=%2Fwp%2Fv2%2Fproduct_tag&post=1687"}],"curies":[{"name":"wp","href":"https:\/\/api.w.org\/{rel}","templated":true}]}}