{"id":1688,"date":"2021-10-21T15:54:24","date_gmt":"2021-10-21T15:54:24","guid":{"rendered":"http:\/\/www.zlatesperkyrb.cz.uvirt111.active24.cz\/?post_type=product&#038;p=1688"},"modified":"2021-10-22T09:12:23","modified_gmt":"2021-10-22T09:12:23","slug":"naramek-18","status":"publish","type":"product","link":"https:\/\/zlatesperky-rb.cz\/?product=naramek-18","title":{"rendered":"\u0158et\u00edzek"},"content":{"rendered":"<p>Zlat\u00fd \u0159et\u00edzek\u00a0 ze 14 kr b\u00edl\u00e9ho zlata tzn.hr\u00e1\u0161kov\u00fd hod\u00ed se na p\u0159\u00edv\u011bsek.<\/p>\n","protected":false},"excerpt":{"rendered":"<ul>\n<li>v\u00e1ha zlat\u00e9ho \u0159et\u00edzku 3,75 g \/ 14 kr \/<\/li>\n<li>d\u00e9lka \u0159et\u00edzku 50 cm<\/li>\n<li>zap\u00edn\u00e1n\u00ed p\u00e9rov\u00fd krou\u017eek<\/li>\n<\/ul>\n","protected":false},"featured_media":1621,"template":"","meta":[],"product_cat":[33,32],"product_tag":[],"_links":{"self":[{"href":"https:\/\/zlatesperky-rb.cz\/index.php?rest_route=\/wp\/v2\/product\/1688"}],"collection":[{"href":"https:\/\/zlatesperky-rb.cz\/index.php?rest_route=\/wp\/v2\/product"}],"about":[{"href":"https:\/\/zlatesperky-rb.cz\/index.php?rest_route=\/wp\/v2\/types\/product"}],"wp:featuredmedia":[{"embeddable":true,"href":"https:\/\/zlatesperky-rb.cz\/index.php?rest_route=\/wp\/v2\/media\/1621"}],"wp:attachment":[{"href":"https:\/\/zlatesperky-rb.cz\/index.php?rest_route=%2Fwp%2Fv2%2Fmedia&parent=1688"}],"wp:term":[{"taxonomy":"product_cat","embeddable":true,"href":"https:\/\/zlatesperky-rb.cz\/index.php?rest_route=%2Fwp%2Fv2%2Fproduct_cat&post=1688"},{"taxonomy":"product_tag","embeddable":true,"href":"https:\/\/zlatesperky-rb.cz\/index.php?rest_route=%2Fwp%2Fv2%2Fproduct_tag&post=1688"}],"curies":[{"name":"wp","href":"https:\/\/api.w.org\/{rel}","templated":true}]}}