{"id":1689,"date":"2021-10-21T15:55:40","date_gmt":"2021-10-21T15:55:40","guid":{"rendered":"http:\/\/www.zlatesperkyrb.cz.uvirt111.active24.cz\/?post_type=product&#038;p=1689"},"modified":"2026-03-15T12:33:20","modified_gmt":"2026-03-15T12:33:20","slug":"naramek-19","status":"publish","type":"product","link":"https:\/\/zlatesperky-rb.cz\/?product=naramek-19","title":{"rendered":"N\u00e1ramek"},"content":{"rendered":"<p>N\u00e1ramek je ru\u010dn\u011b vyroben ze 14 kr b\u00edl\u00e9ho zlata ,je ozdoben ru\u010dn\u011b vyroben\u00fdm \u010dty\u0159l\u00edstkem pro \u0161t\u011bst\u00ed .<\/p>\n<p>N\u00e1ramku se \u0159\u00edk\u00e1 p\u0159\u00edv\u011bskov\u00fd neboli\u00a0 &#8220; \u017eu\u017eu&#8220; je velice obl\u00edben\u00fd dob\u0159e se nos\u00ed a mu\u017ee se na n\u011bj p\u0159id\u00e1vat dal\u0161\u00ed p\u0159\u00edv\u011bsky.<\/p>\n","protected":false},"excerpt":{"rendered":"<ul>\n<li>v\u00e1ha zlat\u00e9ho n\u00e1ramku 6,5 g \/14 kr \/<\/li>\n<li>d\u00e9lka n\u00e1ramku 19 cm<\/li>\n<li>velikost \u010dty\u0159l\u00edstku\u00a0 15 mm<\/li>\n<li>pr\u016fm\u011br kole\u010dka 6 mm<\/li>\n<li>zap\u00edn\u00e1n\u00ed karabinka 14 kr<\/li>\n<\/ul>\n","protected":false},"featured_media":1623,"template":"","meta":[],"product_cat":[35,21],"product_tag":[],"_links":{"self":[{"href":"https:\/\/zlatesperky-rb.cz\/index.php?rest_route=\/wp\/v2\/product\/1689"}],"collection":[{"href":"https:\/\/zlatesperky-rb.cz\/index.php?rest_route=\/wp\/v2\/product"}],"about":[{"href":"https:\/\/zlatesperky-rb.cz\/index.php?rest_route=\/wp\/v2\/types\/product"}],"wp:featuredmedia":[{"embeddable":true,"href":"https:\/\/zlatesperky-rb.cz\/index.php?rest_route=\/wp\/v2\/media\/1623"}],"wp:attachment":[{"href":"https:\/\/zlatesperky-rb.cz\/index.php?rest_route=%2Fwp%2Fv2%2Fmedia&parent=1689"}],"wp:term":[{"taxonomy":"product_cat","embeddable":true,"href":"https:\/\/zlatesperky-rb.cz\/index.php?rest_route=%2Fwp%2Fv2%2Fproduct_cat&post=1689"},{"taxonomy":"product_tag","embeddable":true,"href":"https:\/\/zlatesperky-rb.cz\/index.php?rest_route=%2Fwp%2Fv2%2Fproduct_tag&post=1689"}],"curies":[{"name":"wp","href":"https:\/\/api.w.org\/{rel}","templated":true}]}}