{"id":1692,"date":"2021-10-21T15:58:13","date_gmt":"2021-10-21T15:58:13","guid":{"rendered":"http:\/\/www.zlatesperkyrb.cz.uvirt111.active24.cz\/?post_type=product&#038;p=1692"},"modified":"2026-03-15T12:28:16","modified_gmt":"2026-03-15T12:28:16","slug":"naramek-21","status":"publish","type":"product","link":"https:\/\/zlatesperky-rb.cz\/?product=naramek-21","title":{"rendered":"N\u00e1ramek"},"content":{"rendered":"<p>N\u00e1ramek je vyroben ze 14 kr b\u00edl\u00e9ho zlata, jemn\u00fd b\u00edl\u00fd \u0159et\u00edzek m\u00e1 uprost\u0159ed ru\u010dn\u011b vyroben\u00e9 srd\u00ed\u010dko z b\u00edl\u00e9ho 14 kr zlata.<\/p>\n","protected":false},"excerpt":{"rendered":"<ul>\n<li>v\u00e1ha zlat\u00e9ho n\u00e1ramku 1,55 g \/14 kr \/<\/li>\n<li>d\u00e9lka n\u00e1ramku 18,2 mm<\/li>\n<li>velikost srd\u00ed\u010dka 10 mm<\/li>\n<li>zap\u00ednan\u00ed zlata karabinka 14 kr<\/li>\n<\/ul>\n","protected":false},"featured_media":1627,"template":"","meta":[],"product_cat":[35,21],"product_tag":[],"_links":{"self":[{"href":"https:\/\/zlatesperky-rb.cz\/index.php?rest_route=\/wp\/v2\/product\/1692"}],"collection":[{"href":"https:\/\/zlatesperky-rb.cz\/index.php?rest_route=\/wp\/v2\/product"}],"about":[{"href":"https:\/\/zlatesperky-rb.cz\/index.php?rest_route=\/wp\/v2\/types\/product"}],"wp:featuredmedia":[{"embeddable":true,"href":"https:\/\/zlatesperky-rb.cz\/index.php?rest_route=\/wp\/v2\/media\/1627"}],"wp:attachment":[{"href":"https:\/\/zlatesperky-rb.cz\/index.php?rest_route=%2Fwp%2Fv2%2Fmedia&parent=1692"}],"wp:term":[{"taxonomy":"product_cat","embeddable":true,"href":"https:\/\/zlatesperky-rb.cz\/index.php?rest_route=%2Fwp%2Fv2%2Fproduct_cat&post=1692"},{"taxonomy":"product_tag","embeddable":true,"href":"https:\/\/zlatesperky-rb.cz\/index.php?rest_route=%2Fwp%2Fv2%2Fproduct_tag&post=1692"}],"curies":[{"name":"wp","href":"https:\/\/api.w.org\/{rel}","templated":true}]}}