{"id":1693,"date":"2021-10-21T15:59:34","date_gmt":"2021-10-21T15:59:34","guid":{"rendered":"http:\/\/www.zlatesperkyrb.cz.uvirt111.active24.cz\/?post_type=product&#038;p=1693"},"modified":"2026-03-15T12:36:17","modified_gmt":"2026-03-15T12:36:17","slug":"naramek-22","status":"publish","type":"product","link":"https:\/\/zlatesperky-rb.cz\/?product=naramek-22","title":{"rendered":"N\u00e1ramek"},"content":{"rendered":"<p style=\"text-align: left;\">N\u00e1ramek je vyroben ze 14 kr b\u00edl\u00e9ho zlata uprost\u0159ed m\u00e1 srd\u00ed\u010dko poset\u00e9 b\u00edl\u00fdmi kam\u00ednky.<\/p>\n<p>N\u00e1ramek je z dvojit\u00e9ho jemn\u00e9ho \u0159et\u00edzku a u karabinky m\u00e1 mal\u00e9, ploch\u00e9 srd\u00ed\u010dko jako ozdobu.<\/p>\n","protected":false},"excerpt":{"rendered":"<ul>\n<li>v\u00e1ha n\u00e1ramku 2,35 g \/14 kr \/ zlata<\/li>\n<li>d\u00e9lka n\u00e1ramku 18,5 cm<\/li>\n<li>velikost srd\u00ed\u010dka 8 mm<\/li>\n<li>zap\u00ednan\u00ed karabinka 14 kr<\/li>\n<\/ul>\n","protected":false},"featured_media":1629,"template":"","meta":[],"product_cat":[35,21],"product_tag":[],"_links":{"self":[{"href":"https:\/\/zlatesperky-rb.cz\/index.php?rest_route=\/wp\/v2\/product\/1693"}],"collection":[{"href":"https:\/\/zlatesperky-rb.cz\/index.php?rest_route=\/wp\/v2\/product"}],"about":[{"href":"https:\/\/zlatesperky-rb.cz\/index.php?rest_route=\/wp\/v2\/types\/product"}],"wp:featuredmedia":[{"embeddable":true,"href":"https:\/\/zlatesperky-rb.cz\/index.php?rest_route=\/wp\/v2\/media\/1629"}],"wp:attachment":[{"href":"https:\/\/zlatesperky-rb.cz\/index.php?rest_route=%2Fwp%2Fv2%2Fmedia&parent=1693"}],"wp:term":[{"taxonomy":"product_cat","embeddable":true,"href":"https:\/\/zlatesperky-rb.cz\/index.php?rest_route=%2Fwp%2Fv2%2Fproduct_cat&post=1693"},{"taxonomy":"product_tag","embeddable":true,"href":"https:\/\/zlatesperky-rb.cz\/index.php?rest_route=%2Fwp%2Fv2%2Fproduct_tag&post=1693"}],"curies":[{"name":"wp","href":"https:\/\/api.w.org\/{rel}","templated":true}]}}