{"id":1696,"date":"2021-10-21T16:04:04","date_gmt":"2021-10-21T16:04:04","guid":{"rendered":"http:\/\/www.zlatesperkyrb.cz.uvirt111.active24.cz\/?post_type=product&#038;p=1696"},"modified":"2026-03-15T12:29:08","modified_gmt":"2026-03-15T12:29:08","slug":"naramek-23","status":"publish","type":"product","link":"https:\/\/zlatesperky-rb.cz\/?product=naramek-23","title":{"rendered":"N\u00e1ramek"},"content":{"rendered":"<p>N\u00e1ramek je ru\u010dn\u011b d\u011blan\u00fd ze 14 kr b\u00edl\u00e9ho zlata .<\/p>\n<p>N\u00e1ramek lze vyrobit i ve \u017elut\u00e9m zlat\u011b nebo r\u016f\u017eov\u00e9m zlat\u011b,na n\u00e1ramek lze pov\u011bsit p\u0159\u00edv\u011bsek \/srd\u00ed\u010dko,and\u00edlka,perli\u010dku,kam\u00ednek atd&#8230;<\/p>\n","protected":false},"excerpt":{"rendered":"<ul>\n<li>v\u00e1ha n\u00e1ramku 5,53 g \/14 kr \/ zlato<\/li>\n<li>d\u00e9lka n\u00e1ramku 18 cm<\/li>\n<li>pr\u016fm\u011br kole\u010dka 10 mm<\/li>\n<li>zap\u00edn\u00e1n\u00ed p\u00e9rov\u00fd krou\u017eek<\/li>\n<\/ul>\n","protected":false},"featured_media":1631,"template":"","meta":[],"product_cat":[35,21],"product_tag":[],"_links":{"self":[{"href":"https:\/\/zlatesperky-rb.cz\/index.php?rest_route=\/wp\/v2\/product\/1696"}],"collection":[{"href":"https:\/\/zlatesperky-rb.cz\/index.php?rest_route=\/wp\/v2\/product"}],"about":[{"href":"https:\/\/zlatesperky-rb.cz\/index.php?rest_route=\/wp\/v2\/types\/product"}],"wp:featuredmedia":[{"embeddable":true,"href":"https:\/\/zlatesperky-rb.cz\/index.php?rest_route=\/wp\/v2\/media\/1631"}],"wp:attachment":[{"href":"https:\/\/zlatesperky-rb.cz\/index.php?rest_route=%2Fwp%2Fv2%2Fmedia&parent=1696"}],"wp:term":[{"taxonomy":"product_cat","embeddable":true,"href":"https:\/\/zlatesperky-rb.cz\/index.php?rest_route=%2Fwp%2Fv2%2Fproduct_cat&post=1696"},{"taxonomy":"product_tag","embeddable":true,"href":"https:\/\/zlatesperky-rb.cz\/index.php?rest_route=%2Fwp%2Fv2%2Fproduct_tag&post=1696"}],"curies":[{"name":"wp","href":"https:\/\/api.w.org\/{rel}","templated":true}]}}