{"id":1698,"date":"2021-10-21T16:09:12","date_gmt":"2021-10-21T16:09:12","guid":{"rendered":"http:\/\/www.zlatesperkyrb.cz.uvirt111.active24.cz\/?post_type=product&#038;p=1698"},"modified":"2021-10-21T17:10:59","modified_gmt":"2021-10-21T17:10:59","slug":"retizek-11","status":"publish","type":"product","link":"https:\/\/zlatesperky-rb.cz\/?product=retizek-11","title":{"rendered":"\u0158et\u00edzek"},"content":{"rendered":"","protected":false},"excerpt":{"rendered":"<ul>\n<li>v\u00e1ha \u0159et\u00edzku 0,90 g \/14 kr\/ zlato<\/li>\n<li>d\u00e9lka \u0159et\u00edzku 42 cm<\/li>\n<li>zap\u00edn\u00e1n\u00ed p\u00e9rov\u00fd krou\u017eek<\/li>\n<\/ul>\n","protected":false},"featured_media":1633,"template":"","meta":[],"product_cat":[33,32],"product_tag":[],"_links":{"self":[{"href":"https:\/\/zlatesperky-rb.cz\/index.php?rest_route=\/wp\/v2\/product\/1698"}],"collection":[{"href":"https:\/\/zlatesperky-rb.cz\/index.php?rest_route=\/wp\/v2\/product"}],"about":[{"href":"https:\/\/zlatesperky-rb.cz\/index.php?rest_route=\/wp\/v2\/types\/product"}],"wp:featuredmedia":[{"embeddable":true,"href":"https:\/\/zlatesperky-rb.cz\/index.php?rest_route=\/wp\/v2\/media\/1633"}],"wp:attachment":[{"href":"https:\/\/zlatesperky-rb.cz\/index.php?rest_route=%2Fwp%2Fv2%2Fmedia&parent=1698"}],"wp:term":[{"taxonomy":"product_cat","embeddable":true,"href":"https:\/\/zlatesperky-rb.cz\/index.php?rest_route=%2Fwp%2Fv2%2Fproduct_cat&post=1698"},{"taxonomy":"product_tag","embeddable":true,"href":"https:\/\/zlatesperky-rb.cz\/index.php?rest_route=%2Fwp%2Fv2%2Fproduct_tag&post=1698"}],"curies":[{"name":"wp","href":"https:\/\/api.w.org\/{rel}","templated":true}]}}