{"id":1723,"date":"2021-10-21T23:54:52","date_gmt":"2021-10-21T23:54:52","guid":{"rendered":"http:\/\/www.zlatesperkyrb.cz.uvirt111.active24.cz\/?post_type=product&#038;p=1723"},"modified":"2021-10-26T14:54:25","modified_gmt":"2021-10-26T14:54:25","slug":"retizek-12","status":"publish","type":"product","link":"https:\/\/zlatesperky-rb.cz\/?product=retizek-12","title":{"rendered":"\u0158et\u00edzek"},"content":{"rendered":"<p>B\u00edl\u00fd jemn\u00fd\u00a0 \u0159et\u00edzek vyroben z 14 kr zlata hod\u00ed se na mal\u00fd p\u0159\u00edv\u011bsek.<\/p>\n","protected":false},"excerpt":{"rendered":"<ul>\n<li>v\u00e1ha \u0159et\u00edzku 1,20 g \/14 kr\/<\/li>\n<li>d\u00e9lka \u0159et\u00edzku 50 cm<\/li>\n<li>zap\u00edn\u00e1n\u00ed perov\u00fd krou\u017eek 14 kr<\/li>\n<\/ul>\n","protected":false},"featured_media":1636,"template":"","meta":[],"product_cat":[33,32],"product_tag":[],"_links":{"self":[{"href":"https:\/\/zlatesperky-rb.cz\/index.php?rest_route=\/wp\/v2\/product\/1723"}],"collection":[{"href":"https:\/\/zlatesperky-rb.cz\/index.php?rest_route=\/wp\/v2\/product"}],"about":[{"href":"https:\/\/zlatesperky-rb.cz\/index.php?rest_route=\/wp\/v2\/types\/product"}],"wp:featuredmedia":[{"embeddable":true,"href":"https:\/\/zlatesperky-rb.cz\/index.php?rest_route=\/wp\/v2\/media\/1636"}],"wp:attachment":[{"href":"https:\/\/zlatesperky-rb.cz\/index.php?rest_route=%2Fwp%2Fv2%2Fmedia&parent=1723"}],"wp:term":[{"taxonomy":"product_cat","embeddable":true,"href":"https:\/\/zlatesperky-rb.cz\/index.php?rest_route=%2Fwp%2Fv2%2Fproduct_cat&post=1723"},{"taxonomy":"product_tag","embeddable":true,"href":"https:\/\/zlatesperky-rb.cz\/index.php?rest_route=%2Fwp%2Fv2%2Fproduct_tag&post=1723"}],"curies":[{"name":"wp","href":"https:\/\/api.w.org\/{rel}","templated":true}]}}