{"id":1729,"date":"2021-10-22T07:34:47","date_gmt":"2021-10-22T07:34:47","guid":{"rendered":"http:\/\/www.zlatesperkyrb.cz.uvirt111.active24.cz\/?post_type=product&#038;p=1729"},"modified":"2021-10-26T14:36:08","modified_gmt":"2021-10-26T14:36:08","slug":"retizek-14","status":"publish","type":"product","link":"https:\/\/zlatesperky-rb.cz\/?product=retizek-14","title":{"rendered":"\u0158et\u00edzek"},"content":{"rendered":"<p style=\"text-align: left;\">\u0158et\u00edzek z b\u00edl\u00e9ho 14 kr zlata ( hr\u00e1\u0161ek) pevn\u00fd a velice obl\u00edben\u00fd. hod\u00ed se na p\u0159\u00edv\u011bsek.<\/p>\n","protected":false},"excerpt":{"rendered":"<ul>\n<li>v\u00e1ha \u0159et\u00edzku 4,25 g \/ 14 kr \/<\/li>\n<li>d\u00e9lka \u0159et\u00edzku 50 cm<\/li>\n<li>s\u00edla \u0159et\u00edzku 2 mm<\/li>\n<li>zap\u00edn\u00e1n\u00ed karabinka 14 kr<\/li>\n<\/ul>\n","protected":false},"featured_media":1639,"template":"","meta":[],"product_cat":[33,32],"product_tag":[],"_links":{"self":[{"href":"https:\/\/zlatesperky-rb.cz\/index.php?rest_route=\/wp\/v2\/product\/1729"}],"collection":[{"href":"https:\/\/zlatesperky-rb.cz\/index.php?rest_route=\/wp\/v2\/product"}],"about":[{"href":"https:\/\/zlatesperky-rb.cz\/index.php?rest_route=\/wp\/v2\/types\/product"}],"wp:featuredmedia":[{"embeddable":true,"href":"https:\/\/zlatesperky-rb.cz\/index.php?rest_route=\/wp\/v2\/media\/1639"}],"wp:attachment":[{"href":"https:\/\/zlatesperky-rb.cz\/index.php?rest_route=%2Fwp%2Fv2%2Fmedia&parent=1729"}],"wp:term":[{"taxonomy":"product_cat","embeddable":true,"href":"https:\/\/zlatesperky-rb.cz\/index.php?rest_route=%2Fwp%2Fv2%2Fproduct_cat&post=1729"},{"taxonomy":"product_tag","embeddable":true,"href":"https:\/\/zlatesperky-rb.cz\/index.php?rest_route=%2Fwp%2Fv2%2Fproduct_tag&post=1729"}],"curies":[{"name":"wp","href":"https:\/\/api.w.org\/{rel}","templated":true}]}}